{"id":162,"date":"2026-03-20T17:40:54","date_gmt":"2026-03-20T20:40:54","guid":{"rendered":"https:\/\/viaabsolutta.com.br\/?page_id=162"},"modified":"2026-03-23T10:58:59","modified_gmt":"2026-03-23T13:58:59","slug":"vida","status":"publish","type":"page","link":"https:\/\/viaabsolutta.com.br\/index.php\/vida\/","title":{"rendered":"Vida"},"content":{"rendered":"<div id='av_section_1'  class='avia-section av-2cikj6-b642f8eeafe378425c0f6c0cadd413fa main_color avia-section-default avia-no-border-styling  avia-builder-el-0  avia-builder-el-no-sibling  avia-bg-style-scroll container_wrap sidebar_right'  ><div class='container av-section-cont-open' ><main  role=\"main\" itemprop=\"mainContentOfPage\"  class='template-page content  av-content-small alpha units'><div class='post-entry post-entry-type-page post-entry-162'><div class='entry-content-wrapper clearfix'>\n<div class='flex_column_table av-mmzdc54m-5a7aa5fa063e82a845336adaa3adad7c sc-av_one_half av-equal-height-column-flextable'><div  class='flex_column av-mmzdc54m-5a7aa5fa063e82a845336adaa3adad7c av_one_half  avia-builder-el-1  el_before_av_one_half  avia-builder-el-first  first flex_column_table_cell av-equal-height-column av-align-middle  '     ><style type=\"text\/css\" data-created_by=\"avia_inline_auto\" id=\"style-css-av-mmzcxgjf-09b55af0ca86ac4c33146b84aaf1c381\">\n.avia-image-container.av-mmzcxgjf-09b55af0ca86ac4c33146b84aaf1c381 img.avia_image{\nbox-shadow:none;\n}\n.avia-image-container.av-mmzcxgjf-09b55af0ca86ac4c33146b84aaf1c381 .av-image-caption-overlay-center{\ncolor:#ffffff;\n}\n<\/style>\n<div  class='avia-image-container av-mmzcxgjf-09b55af0ca86ac4c33146b84aaf1c381 av-styling- avia-align-center  avia-builder-el-2  avia-builder-el-no-sibling '   itemprop=\"image\" itemscope=\"itemscope\" itemtype=\"https:\/\/schema.org\/ImageObject\" ><div class=\"avia-image-container-inner\"><div class=\"avia-image-overlay-wrap\"><img decoding=\"async\" fetchpriority=\"high\" class='wp-image-50 avia-img-lazy-loading-not-50 avia_image ' src=\"https:\/\/viaabsolutta.com.br\/wp-content\/uploads\/2026\/03\/vida-2.png\" alt='' title='vida-2'  height=\"510\" width=\"515\"  itemprop=\"thumbnailUrl\" srcset=\"https:\/\/viaabsolutta.com.br\/wp-content\/uploads\/2026\/03\/vida-2.png 515w, https:\/\/viaabsolutta.com.br\/wp-content\/uploads\/2026\/03\/vida-2-300x297.png 300w, https:\/\/viaabsolutta.com.br\/wp-content\/uploads\/2026\/03\/vida-2-80x80.png 80w, https:\/\/viaabsolutta.com.br\/wp-content\/uploads\/2026\/03\/vida-2-36x36.png 36w\" sizes=\"(max-width: 515px) 100vw, 515px\" \/><\/div><\/div><\/div><\/div><div class='av-flex-placeholder'><\/div><div  class='flex_column av-29w75m-3a0ad0e2a460d4d0fad3373464979664 av_one_half  avia-builder-el-3  el_after_av_one_half  el_before_av_one_half  flex_column_table_cell av-equal-height-column av-align-middle  '     ><p>\n<style type=\"text\/css\" data-created_by=\"avia_inline_auto\" id=\"style-css-av-mmzczyuc-d2ac503312ab4eb58dfdb0790a0be31c\">\n#top .av-special-heading.av-mmzczyuc-d2ac503312ab4eb58dfdb0790a0be31c{\npadding-bottom:10px;\nfont-size:35px;\n}\nbody .av-special-heading.av-mmzczyuc-d2ac503312ab4eb58dfdb0790a0be31c .av-special-heading-tag .heading-char{\nfont-size:25px;\n}\n#top #wrap_all .av-special-heading.av-mmzczyuc-d2ac503312ab4eb58dfdb0790a0be31c .av-special-heading-tag{\nfont-size:35px;\n}\n.av-special-heading.av-mmzczyuc-d2ac503312ab4eb58dfdb0790a0be31c .av-subheading{\nfont-size:15px;\n}\n\n@media only screen and (min-width: 480px) and (max-width: 767px){ \n#top #wrap_all .av-special-heading.av-mmzczyuc-d2ac503312ab4eb58dfdb0790a0be31c .av-special-heading-tag{\nfont-size:0.8em;\n}\n}\n\n@media only screen and (max-width: 479px){ \n#top #wrap_all .av-special-heading.av-mmzczyuc-d2ac503312ab4eb58dfdb0790a0be31c .av-special-heading-tag{\nfont-size:0.8em;\n}\n}\n<\/style>\n<div  class='av-special-heading av-mmzczyuc-d2ac503312ab4eb58dfdb0790a0be31c av-special-heading-h3 blockquote modern-quote  avia-builder-el-4  el_before_av_textblock  avia-builder-el-first  av-inherit-size'><h3 class='av-special-heading-tag '  itemprop=\"headline\"  >Vida individual e empresarial<\/h3><div class=\"special-heading-border\"><div class=\"special-heading-inner-border\"><\/div><\/div><\/div><br \/>\n\n<style type=\"text\/css\" data-created_by=\"avia_inline_auto\" id=\"style-css-av-mmzcymbb-cab1e337278393cfde4f032fbbc14d73\">\n#top .av_textblock_section.av-mmzcymbb-cab1e337278393cfde4f032fbbc14d73 .avia_textblock{\nfont-size:16px;\n}\n<\/style>\n<section  class='av_textblock_section av-mmzcymbb-cab1e337278393cfde4f032fbbc14d73 '   itemscope=\"itemscope\" itemtype=\"https:\/\/schema.org\/CreativeWork\" ><div class='avia_textblock'  itemprop=\"text\" ><p>O Vida em Grupo, destina-se a S\u00f3cios, Diretores, Funcion\u00e1rios constantes da GFIP, e at\u00e9 mesmo prestadores, que estejam em boas condi\u00e7\u00f5es de sa\u00fade, em plena atividade profissional e que n\u00e3o tenham doen\u00e7as ou les\u00f5es pr\u00e9-existentes. Temos planos a partir de 2 vidas.<\/p>\n<p>Individual: Voc\u00ea sempre segurado e com op\u00e7\u00f5es de recebimento de coberturas, em vida.<\/p>\n<\/div><\/section><\/p><\/div><\/div><!--close column table wrapper. Autoclose: 1 --><div  class='flex_column av-20jney-683270298505c820d56be2579f348ce7 av_one_half  avia-builder-el-6  el_after_av_one_half  el_before_av_one_half  first flex_column_div  column-top-margin'     ><style type=\"text\/css\" data-created_by=\"avia_inline_auto\" id=\"style-css-av-mmzddbry-cb21ab9dd07f6491f953c5b80f34bb95\">\n#top .avia-icon-list-container.av-mmzddbry-cb21ab9dd07f6491f953c5b80f34bb95 .iconlist_icon{\ncolor:#ffffff;\nbackground-color:#a58c4e;\n}\n.avia-icon-list-container.av-mmzddbry-cb21ab9dd07f6491f953c5b80f34bb95 .iconlist_content{\nfont-size:18px;\n}\n<\/style>\n<div  class='avia-icon-list-container av-mmzddbry-cb21ab9dd07f6491f953c5b80f34bb95  avia-builder-el-7  avia-builder-el-no-sibling '><ul class='avia-icon-list avia_animate_when_almost_visible avia-icon-list-left av-iconlist-big av-mmzddbry-cb21ab9dd07f6491f953c5b80f34bb95 avia-iconlist-animate'>\n<li><div class='iconlist_icon av-1w6oya-9ef8802ee9de6f4f696bf0139156c039 avia-font-entypo-fontello'><span class='iconlist-char' aria-hidden='true' data-av_icon='\ue80c' data-av_iconfont='entypo-fontello'><\/span><\/div><article class=\"article-icon-entry \"  itemscope=\"itemscope\" itemtype=\"https:\/\/schema.org\/CreativeWork\" ><div class=\"iconlist_content_wrap\"><header class=\"entry-content-header\" aria-label=\"Icon: \"><\/header><div class='iconlist_content '  itemprop=\"text\" ><p>Morte por qualquer coisa<\/p>\n<\/div><\/div><footer class=\"entry-footer\"><\/footer><\/article><div class=\"iconlist-timeline\"><\/div><\/li>\n<li><div class='iconlist_icon av-1rv4n6-a97e92ea8d64379a53170d8d7b0e34a1 avia-font-entypo-fontello'><span class='iconlist-char' aria-hidden='true' data-av_icon='\ue80c' data-av_iconfont='entypo-fontello'><\/span><\/div><article class=\"article-icon-entry \"  itemscope=\"itemscope\" itemtype=\"https:\/\/schema.org\/CreativeWork\" ><div class=\"iconlist_content_wrap\"><header class=\"entry-content-header\" aria-label=\"Icon: \"><\/header><div class='iconlist_content '  itemprop=\"text\" ><p>Morte acidental<\/p>\n<\/div><\/div><footer class=\"entry-footer\"><\/footer><\/article><div class=\"iconlist-timeline\"><\/div><\/li>\n<li><div class='iconlist_icon av-1koxw2-81c14e2a1b5ad6cb4ff3e4ae5c1cd8ba avia-font-entypo-fontello'><span class='iconlist-char' aria-hidden='true' data-av_icon='\ue80c' data-av_iconfont='entypo-fontello'><\/span><\/div><article class=\"article-icon-entry \"  itemscope=\"itemscope\" itemtype=\"https:\/\/schema.org\/CreativeWork\" ><div class=\"iconlist_content_wrap\"><header class=\"entry-content-header\" aria-label=\"Icon: \"><\/header><div class='iconlist_content '  itemprop=\"text\" ><p>Doen\u00e7as graves ou terminais<\/p>\n<\/div><\/div><footer class=\"entry-footer\"><\/footer><\/article><div class=\"iconlist-timeline\"><\/div><\/li>\n<li><div class='iconlist_icon av-1fvqju-6d9646aaa4243f4e54ffb63818f65421 avia-font-entypo-fontello'><span class='iconlist-char' aria-hidden='true' data-av_icon='\ue80c' data-av_iconfont='entypo-fontello'><\/span><\/div><article class=\"article-icon-entry \"  itemscope=\"itemscope\" itemtype=\"https:\/\/schema.org\/CreativeWork\" ><div class=\"iconlist_content_wrap\"><header class=\"entry-content-header\" aria-label=\"Icon: \"><\/header><div class='iconlist_content '  itemprop=\"text\" ><p>Invalidez permanente, total ou parcial por acidente<\/p>\n<\/div><\/div><footer class=\"entry-footer\"><\/footer><\/article><div class=\"iconlist-timeline\"><\/div><\/li>\n<li><div class='iconlist_icon av-1ah4dm-83b2b1b4ae435fcb3e0de35899d11010 avia-font-entypo-fontello'><span class='iconlist-char' aria-hidden='true' data-av_icon='\ue80c' data-av_iconfont='entypo-fontello'><\/span><\/div><article class=\"article-icon-entry \"  itemscope=\"itemscope\" itemtype=\"https:\/\/schema.org\/CreativeWork\" ><div class=\"iconlist_content_wrap\"><header class=\"entry-content-header\" aria-label=\"Icon: \"><\/header><div class='iconlist_content '  itemprop=\"text\" ><p>Invalidez funcional total permanente por doen\u00e7a &#8211; Antecipada (IFPD)<\/p>\n<\/div><\/div><footer class=\"entry-footer\"><\/footer><\/article><div class=\"iconlist-timeline\"><\/div><\/li>\n<\/ul><\/div><\/div><div  class='flex_column av-14s5iq-1238ffeae66e5d6b79052f82a33d65a9 av_one_half  avia-builder-el-8  el_after_av_one_half  avia-builder-el-last  flex_column_div  column-top-margin'     ><style type=\"text\/css\" data-created_by=\"avia_inline_auto\" id=\"style-css-av-mmzddh3k-9bc5a065f05e91964edaa3da87e97b64\">\n#top .avia-icon-list-container.av-mmzddh3k-9bc5a065f05e91964edaa3da87e97b64 .iconlist_icon{\nbackground-color:#a58c4e;\n}\n.avia-icon-list-container.av-mmzddh3k-9bc5a065f05e91964edaa3da87e97b64 .iconlist_content{\nfont-size:18px;\n}\n<\/style>\n<div  class='avia-icon-list-container av-mmzddh3k-9bc5a065f05e91964edaa3da87e97b64  avia-builder-el-9  avia-builder-el-no-sibling '><ul class='avia-icon-list avia_animate_when_almost_visible avia-icon-list-left av-iconlist-big av-mmzddh3k-9bc5a065f05e91964edaa3da87e97b64 avia-iconlist-animate'>\n<li><div class='iconlist_icon av-x1esq-024ba5a3bc063a47f6f7fc3ae6124e23 avia-font-entypo-fontello'><span class='iconlist-char' aria-hidden='true' data-av_icon='\ue80c' data-av_iconfont='entypo-fontello'><\/span><\/div><article class=\"article-icon-entry \"  itemscope=\"itemscope\" itemtype=\"https:\/\/schema.org\/CreativeWork\" ><div class=\"iconlist_content_wrap\"><header class=\"entry-content-header\" aria-label=\"Icon: \"><\/header><div class='iconlist_content '  itemprop=\"text\" ><p>Di\u00e1rias de incapacidade<\/p>\n<\/div><\/div><footer class=\"entry-footer\"><\/footer><\/article><div class=\"iconlist-timeline\"><\/div><\/li>\n<li><div class='iconlist_icon av-ot3cy-f04701ce09ad1181ae17fd6de7c3a25b avia-font-entypo-fontello'><span class='iconlist-char' aria-hidden='true' data-av_icon='\ue80c' data-av_iconfont='entypo-fontello'><\/span><\/div><article class=\"article-icon-entry \"  itemscope=\"itemscope\" itemtype=\"https:\/\/schema.org\/CreativeWork\" ><div class=\"iconlist_content_wrap\"><header class=\"entry-content-header\" aria-label=\"Icon: \"><\/header><div class='iconlist_content '  itemprop=\"text\" ><p>C\u00f4njuge<\/p>\n<\/div><\/div><footer class=\"entry-footer\"><\/footer><\/article><div class=\"iconlist-timeline\"><\/div><\/li>\n<li><div class='iconlist_icon av-msk8y-433ae858bb0a776fcea50c8dbf33aa10 avia-font-entypo-fontello'><span class='iconlist-char' aria-hidden='true' data-av_icon='\ue80c' data-av_iconfont='entypo-fontello'><\/span><\/div><article class=\"article-icon-entry \"  itemscope=\"itemscope\" itemtype=\"https:\/\/schema.org\/CreativeWork\" ><div class=\"iconlist_content_wrap\"><header class=\"entry-content-header\" aria-label=\"Icon: \"><\/header><div class='iconlist_content '  itemprop=\"text\" ><p>Filhos<\/p>\n<\/div><\/div><footer class=\"entry-footer\"><\/footer><\/article><div class=\"iconlist-timeline\"><\/div><\/li>\n<li><div class='iconlist_icon av-g32kq-6fe9333a6542488a775b217b9570bb8d avia-font-entypo-fontello'><span class='iconlist-char' aria-hidden='true' data-av_icon='\ue80c' data-av_iconfont='entypo-fontello'><\/span><\/div><article class=\"article-icon-entry \"  itemscope=\"itemscope\" itemtype=\"https:\/\/schema.org\/CreativeWork\" ><div class=\"iconlist_content_wrap\"><header class=\"entry-content-header\" aria-label=\"Icon: \"><\/header><div class='iconlist_content '  itemprop=\"text\" ><p>Invalidez permanente por doen\u00e7a cong\u00eanita de filhos<\/p>\n<\/div><\/div><footer class=\"entry-footer\"><\/footer><\/article><div class=\"iconlist-timeline\"><\/div><\/li>\n<li><div class='iconlist_icon av-a6voq-c72ef6c7feed3f4be9a7c37d57a914be avia-font-entypo-fontello'><span class='iconlist-char' aria-hidden='true' data-av_icon='\ue80c' data-av_iconfont='entypo-fontello'><\/span><\/div><article class=\"article-icon-entry \"  itemscope=\"itemscope\" itemtype=\"https:\/\/schema.org\/CreativeWork\" ><div class=\"iconlist_content_wrap\"><header class=\"entry-content-header\" aria-label=\"Icon: \"><\/header><div class='iconlist_content '  itemprop=\"text\" ><p>Auxilio funeral<\/p>\n<\/div><\/div><footer class=\"entry-footer\"><\/footer><\/article><div class=\"iconlist-timeline\"><\/div><\/li>\n<\/ul><\/div><\/div>\n<\/div><\/div><\/main><!-- close content main element --><\/div><\/div><div id='after_section_1'  class='main_color av_default_container_wrap container_wrap sidebar_right'  ><div class='container av-section-cont-open' ><div class='template-page content  av-content-small alpha units'><div class='post-entry post-entry-type-page post-entry-162'><div class='entry-content-wrapper clearfix'>\n","protected":false},"excerpt":{"rendered":"","protected":false},"author":1,"featured_media":0,"parent":0,"menu_order":0,"comment_status":"closed","ping_status":"closed","template":"","meta":{"_joinchat":[],"footnotes":""},"class_list":["post-162","page","type-page","status-publish","hentry"],"_links":{"self":[{"href":"https:\/\/viaabsolutta.com.br\/index.php\/wp-json\/wp\/v2\/pages\/162","targetHints":{"allow":["GET"]}}],"collection":[{"href":"https:\/\/viaabsolutta.com.br\/index.php\/wp-json\/wp\/v2\/pages"}],"about":[{"href":"https:\/\/viaabsolutta.com.br\/index.php\/wp-json\/wp\/v2\/types\/page"}],"author":[{"embeddable":true,"href":"https:\/\/viaabsolutta.com.br\/index.php\/wp-json\/wp\/v2\/users\/1"}],"replies":[{"embeddable":true,"href":"https:\/\/viaabsolutta.com.br\/index.php\/wp-json\/wp\/v2\/comments?post=162"}],"version-history":[{"count":10,"href":"https:\/\/viaabsolutta.com.br\/index.php\/wp-json\/wp\/v2\/pages\/162\/revisions"}],"predecessor-version":[{"id":183,"href":"https:\/\/viaabsolutta.com.br\/index.php\/wp-json\/wp\/v2\/pages\/162\/revisions\/183"}],"wp:attachment":[{"href":"https:\/\/viaabsolutta.com.br\/index.php\/wp-json\/wp\/v2\/media?parent=162"}],"curies":[{"name":"wp","href":"https:\/\/api.w.org\/{rel}","templated":true}]}}