{"id":177,"date":"2026-03-23T10:38:52","date_gmt":"2026-03-23T13:38:52","guid":{"rendered":"https:\/\/viaabsolutta.com.br\/?page_id=177"},"modified":"2026-03-23T10:42:54","modified_gmt":"2026-03-23T13:42:54","slug":"previdencia","status":"publish","type":"page","link":"https:\/\/viaabsolutta.com.br\/index.php\/previdencia\/","title":{"rendered":"Previd\u00eancia Privada"},"content":{"rendered":"<div id='av_section_1'  class='avia-section av-2cikj6-b642f8eeafe378425c0f6c0cadd413fa main_color avia-section-default avia-no-border-styling  avia-builder-el-0  avia-builder-el-no-sibling  avia-bg-style-scroll container_wrap sidebar_right'  ><div class='container av-section-cont-open' ><main  role=\"main\" itemprop=\"mainContentOfPage\"  class='template-page content  av-content-small alpha units'><div class='post-entry post-entry-type-page post-entry-177'><div class='entry-content-wrapper clearfix'>\n<div class='flex_column_table av-mmzdc54m-5a7aa5fa063e82a845336adaa3adad7c sc-av_one_half av-equal-height-column-flextable'><div  class='flex_column av-mmzdc54m-5a7aa5fa063e82a845336adaa3adad7c av_one_half  avia-builder-el-1  el_before_av_one_half  avia-builder-el-first  first flex_column_table_cell av-equal-height-column av-align-middle  '     ><style type=\"text\/css\" data-created_by=\"avia_inline_auto\" id=\"style-css-av-mmzcxgjf-aebc799be28f518069f44682cb56ba97\">\n.avia-image-container.av-mmzcxgjf-aebc799be28f518069f44682cb56ba97 img.avia_image{\nbox-shadow:none;\n}\n.avia-image-container.av-mmzcxgjf-aebc799be28f518069f44682cb56ba97 .av-image-caption-overlay-center{\ncolor:#ffffff;\n}\n<\/style>\n<div  class='avia-image-container av-mmzcxgjf-aebc799be28f518069f44682cb56ba97 av-styling- avia-align-center  avia-builder-el-2  avia-builder-el-no-sibling '   itemprop=\"image\" itemscope=\"itemscope\" itemtype=\"https:\/\/schema.org\/ImageObject\" ><div class=\"avia-image-container-inner\"><div class=\"avia-image-overlay-wrap\"><img decoding=\"async\" fetchpriority=\"high\" class='wp-image-54 avia-img-lazy-loading-not-54 avia_image ' src=\"https:\/\/viaabsolutta.com.br\/wp-content\/uploads\/2026\/03\/Previdencia_privada.png\" alt='' title='Previdencia_privada'  height=\"510\" width=\"515\"  itemprop=\"thumbnailUrl\" srcset=\"https:\/\/viaabsolutta.com.br\/wp-content\/uploads\/2026\/03\/Previdencia_privada.png 515w, https:\/\/viaabsolutta.com.br\/wp-content\/uploads\/2026\/03\/Previdencia_privada-300x297.png 300w, https:\/\/viaabsolutta.com.br\/wp-content\/uploads\/2026\/03\/Previdencia_privada-80x80.png 80w, https:\/\/viaabsolutta.com.br\/wp-content\/uploads\/2026\/03\/Previdencia_privada-36x36.png 36w\" sizes=\"(max-width: 515px) 100vw, 515px\" \/><\/div><\/div><\/div><\/div><div class='av-flex-placeholder'><\/div><div  class='flex_column av-29w75m-3a0ad0e2a460d4d0fad3373464979664 av_one_half  avia-builder-el-3  el_after_av_one_half  el_before_av_one_full  flex_column_table_cell av-equal-height-column av-align-middle  '     ><p>\n<style type=\"text\/css\" data-created_by=\"avia_inline_auto\" id=\"style-css-av-mmzczyuc-eb9a3f9e0691201b8070ff469bf967af\">\n#top .av-special-heading.av-mmzczyuc-eb9a3f9e0691201b8070ff469bf967af{\npadding-bottom:10px;\nfont-size:35px;\n}\nbody .av-special-heading.av-mmzczyuc-eb9a3f9e0691201b8070ff469bf967af .av-special-heading-tag .heading-char{\nfont-size:25px;\n}\n#top #wrap_all .av-special-heading.av-mmzczyuc-eb9a3f9e0691201b8070ff469bf967af .av-special-heading-tag{\nfont-size:35px;\n}\n.av-special-heading.av-mmzczyuc-eb9a3f9e0691201b8070ff469bf967af .av-subheading{\nfont-size:15px;\n}\n\n@media only screen and (min-width: 480px) and (max-width: 767px){ \n#top #wrap_all .av-special-heading.av-mmzczyuc-eb9a3f9e0691201b8070ff469bf967af .av-special-heading-tag{\nfont-size:0.8em;\n}\n}\n\n@media only screen and (max-width: 479px){ \n#top #wrap_all .av-special-heading.av-mmzczyuc-eb9a3f9e0691201b8070ff469bf967af .av-special-heading-tag{\nfont-size:0.8em;\n}\n}\n<\/style>\n<div  class='av-special-heading av-mmzczyuc-eb9a3f9e0691201b8070ff469bf967af av-special-heading-h3 blockquote modern-quote  avia-builder-el-4  el_before_av_textblock  avia-builder-el-first  av-inherit-size'><h3 class='av-special-heading-tag '  itemprop=\"headline\"  >Previd\u00eancia Privada<\/h3><div class=\"special-heading-border\"><div class=\"special-heading-inner-border\"><\/div><\/div><\/div><br \/>\n\n<style type=\"text\/css\" data-created_by=\"avia_inline_auto\" id=\"style-css-av-mmzcymbb-cab1e337278393cfde4f032fbbc14d73\">\n#top .av_textblock_section.av-mmzcymbb-cab1e337278393cfde4f032fbbc14d73 .avia_textblock{\nfont-size:16px;\n}\n<\/style>\n<section  class='av_textblock_section av-mmzcymbb-cab1e337278393cfde4f032fbbc14d73 '   itemscope=\"itemscope\" itemtype=\"https:\/\/schema.org\/CreativeWork\" ><div class='avia_textblock'  itemprop=\"text\" ><h4>O que \u00e9 um plano de Previd\u00eancia Privada?<\/h4>\n<p>\u00c9 uma ferramenta de planejamento financeiro pessoal tendo como objetivo, auxiliar na obten\u00e7\u00e3o de renda vital\u00edcia necess\u00e1ria para garantir o padr\u00e3o de vida, forma\u00e7\u00e3o escolar ou outras conquistas no futuro.<\/p>\n<\/div><\/section><\/p><\/div><\/div><!--close column table wrapper. Autoclose: 1 --><div  class='flex_column av-av_one_full-2d22dc0500e159f2b39fe7a147caf14c av_one_full  avia-builder-el-6  el_after_av_one_half  avia-builder-el-last  first flex_column_div  column-top-margin'     ><style type=\"text\/css\" data-created_by=\"avia_inline_auto\" id=\"style-css-av-mn38fx3u-78c6f6203cfdf501eb521b44e250f480\">\n#top .av_textblock_section.av-mn38fx3u-78c6f6203cfdf501eb521b44e250f480 .avia_textblock{\nfont-size:16px;\n}\n<\/style>\n<section  class='av_textblock_section av-mn38fx3u-78c6f6203cfdf501eb521b44e250f480 '   itemscope=\"itemscope\" itemtype=\"https:\/\/schema.org\/CreativeWork\" ><div class='avia_textblock'  itemprop=\"text\" ><h4>A previd\u00eancia privada, divide-se em dois momentos:<\/h4>\n<p><strong>Per\u00edodo de acumula\u00e7\u00e3o:<\/strong> todos os recursos (contribui\u00e7\u00f5es, aportes financeiros, transfer\u00eancias de outros planos de previd\u00eancia j\u00e1 existentes, 13\u00b0 sal\u00e1rio, participa\u00e7\u00e3o nos lucros), s\u00e3o atualizados de acordo com o plano escolhido, formando a reserva necess\u00e1ria para obten\u00e7\u00e3o do benef\u00edcio desejado.<\/p>\n<p><strong>Per\u00edodo de concess\u00e3o do benef\u00edcio:<\/strong> quando for atingida a idade de sa\u00edda escolhida, a reserva acumulada transforma-se efetivamente em renda, sendo poss\u00edvel optar pela melhor forma de receb\u00ea-la.<\/p>\n<p><strong>Planeje o seu futuro: <\/strong>em seu plano de previd\u00eancia, voc\u00ea define quanto e quando quer receber a sua renda. A partir da\u00ed, deposita um valor todo m\u00eas, ou faz aportes anuais, dependendo da seguradora que se encaixe no seu perfil at\u00e9 o momento de come\u00e7ar a receber os seus benef\u00edcios. E como \u00e9 uma ferramenta de planejamento, permite que voc\u00ea garanta o seu futuro aos poucos, sem depender de grandes aplica\u00e7\u00f5es.<\/p>\n<\/div><\/section><\/div><\/div><\/div><\/main><!-- close content main element --><\/div><\/div><div id='after_section_1'  class='main_color av_default_container_wrap container_wrap sidebar_right'  ><div class='container av-section-cont-open' ><div class='template-page content  av-content-small alpha units'><div class='post-entry post-entry-type-page post-entry-177'><div class='entry-content-wrapper clearfix'>\n","protected":false},"excerpt":{"rendered":"","protected":false},"author":1,"featured_media":0,"parent":0,"menu_order":0,"comment_status":"closed","ping_status":"closed","template":"","meta":{"_joinchat":[],"footnotes":""},"class_list":["post-177","page","type-page","status-publish","hentry"],"_links":{"self":[{"href":"https:\/\/viaabsolutta.com.br\/index.php\/wp-json\/wp\/v2\/pages\/177","targetHints":{"allow":["GET"]}}],"collection":[{"href":"https:\/\/viaabsolutta.com.br\/index.php\/wp-json\/wp\/v2\/pages"}],"about":[{"href":"https:\/\/viaabsolutta.com.br\/index.php\/wp-json\/wp\/v2\/types\/page"}],"author":[{"embeddable":true,"href":"https:\/\/viaabsolutta.com.br\/index.php\/wp-json\/wp\/v2\/users\/1"}],"replies":[{"embeddable":true,"href":"https:\/\/viaabsolutta.com.br\/index.php\/wp-json\/wp\/v2\/comments?post=177"}],"version-history":[{"count":2,"href":"https:\/\/viaabsolutta.com.br\/index.php\/wp-json\/wp\/v2\/pages\/177\/revisions"}],"predecessor-version":[{"id":179,"href":"https:\/\/viaabsolutta.com.br\/index.php\/wp-json\/wp\/v2\/pages\/177\/revisions\/179"}],"wp:attachment":[{"href":"https:\/\/viaabsolutta.com.br\/index.php\/wp-json\/wp\/v2\/media?parent=177"}],"curies":[{"name":"wp","href":"https:\/\/api.w.org\/{rel}","templated":true}]}}