{"id":190,"date":"2026-03-23T11:18:26","date_gmt":"2026-03-23T14:18:26","guid":{"rendered":"https:\/\/viaabsolutta.com.br\/?page_id=190"},"modified":"2026-03-23T11:18:28","modified_gmt":"2026-03-23T14:18:28","slug":"seguro-garantia","status":"publish","type":"page","link":"https:\/\/viaabsolutta.com.br\/index.php\/seguro-garantia\/","title":{"rendered":"Seguro Garantia"},"content":{"rendered":"<div id='av_section_1'  class='avia-section av-2cikj6-b642f8eeafe378425c0f6c0cadd413fa main_color avia-section-default avia-no-border-styling  avia-builder-el-0  avia-builder-el-no-sibling  avia-bg-style-scroll container_wrap sidebar_right'  ><div class='container av-section-cont-open' ><main  role=\"main\" itemprop=\"mainContentOfPage\"  class='template-page content  av-content-small alpha units'><div class='post-entry post-entry-type-page post-entry-190'><div class='entry-content-wrapper clearfix'>\n<div class='flex_column_table av-mmzdc54m-5a7aa5fa063e82a845336adaa3adad7c sc-av_one_half av-equal-height-column-flextable'><div  class='flex_column av-mmzdc54m-5a7aa5fa063e82a845336adaa3adad7c av_one_half  avia-builder-el-1  el_before_av_one_half  avia-builder-el-first  first flex_column_table_cell av-equal-height-column av-align-middle  '     ><style type=\"text\/css\" data-created_by=\"avia_inline_auto\" id=\"style-css-av-mmzcxgjf-a8db53812a9212c62d1ddf88c41f183c\">\n.avia-image-container.av-mmzcxgjf-a8db53812a9212c62d1ddf88c41f183c img.avia_image{\nbox-shadow:none;\n}\n.avia-image-container.av-mmzcxgjf-a8db53812a9212c62d1ddf88c41f183c .av-image-caption-overlay-center{\ncolor:#ffffff;\n}\n<\/style>\n<div  class='avia-image-container av-mmzcxgjf-a8db53812a9212c62d1ddf88c41f183c av-styling- avia-align-center  avia-builder-el-2  avia-builder-el-no-sibling '   itemprop=\"image\" itemscope=\"itemscope\" itemtype=\"https:\/\/schema.org\/ImageObject\" ><div class=\"avia-image-container-inner\"><div class=\"avia-image-overlay-wrap\"><img decoding=\"async\" fetchpriority=\"high\" class='wp-image-80 avia-img-lazy-loading-not-80 avia_image ' src=\"https:\/\/viaabsolutta.com.br\/wp-content\/uploads\/2026\/03\/Garantia.png\" alt='' title='Garantia'  height=\"510\" width=\"515\"  itemprop=\"thumbnailUrl\" srcset=\"https:\/\/viaabsolutta.com.br\/wp-content\/uploads\/2026\/03\/Garantia.png 515w, https:\/\/viaabsolutta.com.br\/wp-content\/uploads\/2026\/03\/Garantia-300x297.png 300w, https:\/\/viaabsolutta.com.br\/wp-content\/uploads\/2026\/03\/Garantia-80x80.png 80w, https:\/\/viaabsolutta.com.br\/wp-content\/uploads\/2026\/03\/Garantia-36x36.png 36w\" sizes=\"(max-width: 515px) 100vw, 515px\" \/><\/div><\/div><\/div><\/div><div class='av-flex-placeholder'><\/div><div  class='flex_column av-29w75m-3a0ad0e2a460d4d0fad3373464979664 av_one_half  avia-builder-el-3  el_after_av_one_half  el_before_av_hr  flex_column_table_cell av-equal-height-column av-align-middle  '     ><p>\n<style type=\"text\/css\" data-created_by=\"avia_inline_auto\" id=\"style-css-av-8h4ph-465a40948ea9b8f10382d9d584b2b508\">\n#top .av-special-heading.av-8h4ph-465a40948ea9b8f10382d9d584b2b508{\npadding-bottom:10px;\nfont-size:35px;\n}\nbody .av-special-heading.av-8h4ph-465a40948ea9b8f10382d9d584b2b508 .av-special-heading-tag .heading-char{\nfont-size:25px;\n}\n#top #wrap_all .av-special-heading.av-8h4ph-465a40948ea9b8f10382d9d584b2b508 .av-special-heading-tag{\nfont-size:35px;\n}\n.av-special-heading.av-8h4ph-465a40948ea9b8f10382d9d584b2b508 .av-subheading{\nfont-size:15px;\n}\n\n@media only screen and (min-width: 480px) and (max-width: 767px){ \n#top #wrap_all .av-special-heading.av-8h4ph-465a40948ea9b8f10382d9d584b2b508 .av-special-heading-tag{\nfont-size:0.8em;\n}\n}\n\n@media only screen and (max-width: 479px){ \n#top #wrap_all .av-special-heading.av-8h4ph-465a40948ea9b8f10382d9d584b2b508 .av-special-heading-tag{\nfont-size:0.8em;\n}\n}\n<\/style>\n<div  class='av-special-heading av-8h4ph-465a40948ea9b8f10382d9d584b2b508 av-special-heading-h3 blockquote modern-quote  avia-builder-el-4  el_before_av_textblock  avia-builder-el-first  av-inherit-size'><h3 class='av-special-heading-tag '  itemprop=\"headline\"  >Seguro Garantia<\/h3><div class=\"special-heading-border\"><div class=\"special-heading-inner-border\"><\/div><\/div><\/div><br \/>\n\n<style type=\"text\/css\" data-created_by=\"avia_inline_auto\" id=\"style-css-av-mmzcymbb-cab1e337278393cfde4f032fbbc14d73\">\n#top .av_textblock_section.av-mmzcymbb-cab1e337278393cfde4f032fbbc14d73 .avia_textblock{\nfont-size:16px;\n}\n<\/style>\n<section  class='av_textblock_section av-mmzcymbb-cab1e337278393cfde4f032fbbc14d73 '   itemscope=\"itemscope\" itemtype=\"https:\/\/schema.org\/CreativeWork\" ><div class='avia_textblock'  itemprop=\"text\" ><p>O Seguro Garantia \u00e9 um contrato com a finalidade de cobrir preju\u00edzos decorrentes da falta de cumprimento de obriga\u00e7\u00f5es assumidas pelo seu Tomador (contratado) frente a um Credor ou Benefici\u00e1rio (contratante), o qual torna-se o verdadeiro Segurado da garantia.<br \/>\nDessa forma, este seguro, constitui-se em um instrumento destinado a ressarcir o Segurado, at\u00e9 o limite da import\u00e2ncia Segurada, caso o Tomador n\u00e3o cumpra com o acordo celebrado entre eles.<br \/>\nDestina-se as empresas de Fornecimento, Construtora, Incorporadoras e Empresas P\u00fablicas e Privadas de presta\u00e7\u00e3o de servi\u00e7o, Licita\u00e7\u00f5es para Empresas P\u00fablicas ou Privadas, entre outras.<\/p>\n<\/div><\/section><\/p><\/div><\/div><!--close column table wrapper. Autoclose: 1 -->\n<style type=\"text\/css\" data-created_by=\"avia_inline_auto\" id=\"style-css-av-mn39ovko-c9bc4c435072af03a7b7133967fab3b9\">\n#top .hr.hr-invisible.av-mn39ovko-c9bc4c435072af03a7b7133967fab3b9{\nheight:50px;\n}\n<\/style>\n<div  class='hr av-mn39ovko-c9bc4c435072af03a7b7133967fab3b9 hr-invisible  avia-builder-el-6  el_after_av_one_half  el_before_av_heading '><span class='hr-inner '><span class=\"hr-inner-style\"><\/span><\/span><\/div>\n\n<style type=\"text\/css\" data-created_by=\"avia_inline_auto\" id=\"style-css-av-mmzczyuc-9e310c8f9d6501786fd87082e696b2bf\">\n#top .av-special-heading.av-mmzczyuc-9e310c8f9d6501786fd87082e696b2bf{\npadding-bottom:10px;\nfont-size:35px;\n}\nbody .av-special-heading.av-mmzczyuc-9e310c8f9d6501786fd87082e696b2bf .av-special-heading-tag .heading-char{\nfont-size:25px;\n}\n#top #wrap_all .av-special-heading.av-mmzczyuc-9e310c8f9d6501786fd87082e696b2bf .av-special-heading-tag{\nfont-size:35px;\n}\n.av-special-heading.av-mmzczyuc-9e310c8f9d6501786fd87082e696b2bf .av-subheading{\nfont-size:15px;\n}\n\n@media only screen and (min-width: 480px) and (max-width: 767px){ \n#top #wrap_all .av-special-heading.av-mmzczyuc-9e310c8f9d6501786fd87082e696b2bf .av-special-heading-tag{\nfont-size:0.8em;\n}\n}\n\n@media only screen and (max-width: 479px){ \n#top #wrap_all .av-special-heading.av-mmzczyuc-9e310c8f9d6501786fd87082e696b2bf .av-special-heading-tag{\nfont-size:0.8em;\n}\n}\n<\/style>\n<div  class='av-special-heading av-mmzczyuc-9e310c8f9d6501786fd87082e696b2bf av-special-heading-h3 blockquote modern-quote  avia-builder-el-7  el_after_av_hr  el_before_av_hr  av-inherit-size'><h3 class='av-special-heading-tag '  itemprop=\"headline\"  >Modalidades<\/h3><div class=\"special-heading-border\"><div class=\"special-heading-inner-border\"><\/div><\/div><\/div>\n\n<style type=\"text\/css\" data-created_by=\"avia_inline_auto\" id=\"style-css-av-mn39ozic-39677b7e776be5649d7b4ada385beb47\">\n#top .hr.hr-invisible.av-mn39ozic-39677b7e776be5649d7b4ada385beb47{\nheight:50px;\n}\n<\/style>\n<div  class='hr av-mn39ozic-39677b7e776be5649d7b4ada385beb47 hr-invisible  avia-builder-el-8  el_after_av_heading  el_before_av_one_half '><span class='hr-inner '><span class=\"hr-inner-style\"><\/span><\/span><\/div>\n<div  class='flex_column av-ggjxh-b62a0b4aa00c83fed42007ca13c73a3e av_one_half  avia-builder-el-9  el_after_av_hr  el_before_av_one_half  first flex_column_div  '     ><style type=\"text\/css\" data-created_by=\"avia_inline_auto\" id=\"style-css-av-mn39799e-25a464259e52c8e5d583ca8bdf7b84fe\">\n#top .avia-icon-list-container.av-mn39799e-25a464259e52c8e5d583ca8bdf7b84fe .iconlist_icon{\ncolor:#ffffff;\nbackground-color:#a58c4e;\n}\n.avia-icon-list-container.av-mn39799e-25a464259e52c8e5d583ca8bdf7b84fe .iconlist_content{\nfont-size:18px;\n}\n<\/style>\n<div  class='avia-icon-list-container av-mn39799e-25a464259e52c8e5d583ca8bdf7b84fe  avia-builder-el-10  avia-builder-el-no-sibling '><ul class='avia-icon-list avia_animate_when_almost_visible avia-icon-list-left av-iconlist-big av-mn39799e-25a464259e52c8e5d583ca8bdf7b84fe avia-iconlist-animate'>\n<li><div class='iconlist_icon av-mn3951ai-5818a0be58470aaebab5cdf86c1947f6 avia-font-entypo-fontello'><span class='iconlist-char' aria-hidden='true' data-av_icon='\ue80b' data-av_iconfont='entypo-fontello'><\/span><\/div><article class=\"article-icon-entry \"  itemscope=\"itemscope\" itemtype=\"https:\/\/schema.org\/CreativeWork\" ><div class=\"iconlist_content_wrap\"><header class=\"entry-content-header\" aria-label=\"Icon: \"><\/header><div class='iconlist_content '  itemprop=\"text\" ><p>Concorr\u00eancia (Bid Bond)<\/p>\n<\/div><\/div><footer class=\"entry-footer\"><\/footer><\/article><div class=\"iconlist-timeline\"><\/div><\/li>\n<li><div class='iconlist_icon av-mn3951ai-5818a0be58470aaebab5cdf86c1947f6 avia-font-entypo-fontello'><span class='iconlist-char' aria-hidden='true' data-av_icon='\ue80b' data-av_iconfont='entypo-fontello'><\/span><\/div><article class=\"article-icon-entry \"  itemscope=\"itemscope\" itemtype=\"https:\/\/schema.org\/CreativeWork\" ><div class=\"iconlist_content_wrap\"><header class=\"entry-content-header\" aria-label=\"Icon: \"><\/header><div class='iconlist_content '  itemprop=\"text\" ><p>Executante ( Performance Bond)<\/p>\n<\/div><\/div><footer class=\"entry-footer\"><\/footer><\/article><div class=\"iconlist-timeline\"><\/div><\/li>\n<li><div class='iconlist_icon av-mn3951ai-5818a0be58470aaebab5cdf86c1947f6 avia-font-entypo-fontello'><span class='iconlist-char' aria-hidden='true' data-av_icon='\ue80b' data-av_iconfont='entypo-fontello'><\/span><\/div><article class=\"article-icon-entry \"  itemscope=\"itemscope\" itemtype=\"https:\/\/schema.org\/CreativeWork\" ><div class=\"iconlist_content_wrap\"><header class=\"entry-content-header\" aria-label=\"Icon: \"><\/header><div class='iconlist_content '  itemprop=\"text\" ><p>Perfeito Funcionamento ( Maintenance Bond)<\/p>\n<\/div><\/div><footer class=\"entry-footer\"><\/footer><\/article><div class=\"iconlist-timeline\"><\/div><\/li>\n<li><div class='iconlist_icon av-mn3951ai-5818a0be58470aaebab5cdf86c1947f6 avia-font-entypo-fontello'><span class='iconlist-char' aria-hidden='true' data-av_icon='\ue80b' data-av_iconfont='entypo-fontello'><\/span><\/div><article class=\"article-icon-entry \"  itemscope=\"itemscope\" itemtype=\"https:\/\/schema.org\/CreativeWork\" ><div class=\"iconlist_content_wrap\"><header class=\"entry-content-header\" aria-label=\"Icon: \"><\/header><div class='iconlist_content '  itemprop=\"text\" ><p>Adiantamento de Pagamento ( Advanced Payment Bond)<\/p>\n<\/div><\/div><footer class=\"entry-footer\"><\/footer><\/article><div class=\"iconlist-timeline\"><\/div><\/li>\n<\/ul><\/div><\/div><div  class='flex_column av-av_one_half-3b0d446bf9e6f7db91541aa567be4cdf av_one_half  avia-builder-el-11  el_after_av_one_half  avia-builder-el-last  flex_column_div  '     ><style type=\"text\/css\" data-created_by=\"avia_inline_auto\" id=\"style-css-av-mn39stmp-1ff298562121bcc6df8578be8db995ea\">\n#top .avia-icon-list-container.av-mn39stmp-1ff298562121bcc6df8578be8db995ea .iconlist_icon{\ncolor:#ffffff;\nbackground-color:#a58c4e;\n}\n.avia-icon-list-container.av-mn39stmp-1ff298562121bcc6df8578be8db995ea .iconlist_content{\nfont-size:18px;\n}\n<\/style>\n<div  class='avia-icon-list-container av-mn39stmp-1ff298562121bcc6df8578be8db995ea  avia-builder-el-12  avia-builder-el-no-sibling '><ul class='avia-icon-list avia_animate_when_almost_visible avia-icon-list-left av-iconlist-big av-mn39stmp-1ff298562121bcc6df8578be8db995ea avia-iconlist-animate'>\n<li><div class='iconlist_icon av-mn39sftj-e522850dd02cc4ba6828ca306b0ff8fe avia-font-entypo-fontello'><span class='iconlist-char' aria-hidden='true' data-av_icon='\ue80b' data-av_iconfont='entypo-fontello'><\/span><\/div><article class=\"article-icon-entry \"  itemscope=\"itemscope\" itemtype=\"https:\/\/schema.org\/CreativeWork\" ><div class=\"iconlist_content_wrap\"><header class=\"entry-content-header\" aria-label=\"Icon: \"><\/header><div class='iconlist_content '  itemprop=\"text\" ><p>Reten\u00e7\u00e3o de Pagamento (Maintenance Bond)<\/p>\n<\/div><\/div><footer class=\"entry-footer\"><\/footer><\/article><div class=\"iconlist-timeline\"><\/div><\/li>\n<li><div class='iconlist_icon av-mn39sftj-e522850dd02cc4ba6828ca306b0ff8fe avia-font-entypo-fontello'><span class='iconlist-char' aria-hidden='true' data-av_icon='\ue80b' data-av_iconfont='entypo-fontello'><\/span><\/div><article class=\"article-icon-entry \"  itemscope=\"itemscope\" itemtype=\"https:\/\/schema.org\/CreativeWork\" ><div class=\"iconlist_content_wrap\"><header class=\"entry-content-header\" aria-label=\"Icon: \"><\/header><div class='iconlist_content '  itemprop=\"text\" ><p>Aduaneiro<\/p>\n<\/div><\/div><footer class=\"entry-footer\"><\/footer><\/article><div class=\"iconlist-timeline\"><\/div><\/li>\n<li><div class='iconlist_icon av-mn39sftj-e522850dd02cc4ba6828ca306b0ff8fe avia-font-entypo-fontello'><span class='iconlist-char' aria-hidden='true' data-av_icon='\ue80b' data-av_iconfont='entypo-fontello'><\/span><\/div><article class=\"article-icon-entry \"  itemscope=\"itemscope\" itemtype=\"https:\/\/schema.org\/CreativeWork\" ><div class=\"iconlist_content_wrap\"><header class=\"entry-content-header\" aria-label=\"Icon: \"><\/header><div class='iconlist_content '  itemprop=\"text\" ><p>Imobili\u00e1rio<\/p>\n<\/div><\/div><footer class=\"entry-footer\"><\/footer><\/article><div class=\"iconlist-timeline\"><\/div><\/li>\n<\/ul><\/div><\/div><\/div><\/div><\/main><!-- close content main element --><\/div><\/div><div id='after_section_1'  class='main_color av_default_container_wrap container_wrap sidebar_right'  ><div class='container av-section-cont-open' ><div class='template-page content  av-content-small alpha units'><div class='post-entry post-entry-type-page post-entry-190'><div class='entry-content-wrapper clearfix'>\n","protected":false},"excerpt":{"rendered":"","protected":false},"author":1,"featured_media":0,"parent":0,"menu_order":0,"comment_status":"closed","ping_status":"closed","template":"","meta":{"_joinchat":[],"footnotes":""},"class_list":["post-190","page","type-page","status-publish","hentry"],"_links":{"self":[{"href":"https:\/\/viaabsolutta.com.br\/index.php\/wp-json\/wp\/v2\/pages\/190","targetHints":{"allow":["GET"]}}],"collection":[{"href":"https:\/\/viaabsolutta.com.br\/index.php\/wp-json\/wp\/v2\/pages"}],"about":[{"href":"https:\/\/viaabsolutta.com.br\/index.php\/wp-json\/wp\/v2\/types\/page"}],"author":[{"embeddable":true,"href":"https:\/\/viaabsolutta.com.br\/index.php\/wp-json\/wp\/v2\/users\/1"}],"replies":[{"embeddable":true,"href":"https:\/\/viaabsolutta.com.br\/index.php\/wp-json\/wp\/v2\/comments?post=190"}],"version-history":[{"count":1,"href":"https:\/\/viaabsolutta.com.br\/index.php\/wp-json\/wp\/v2\/pages\/190\/revisions"}],"predecessor-version":[{"id":191,"href":"https:\/\/viaabsolutta.com.br\/index.php\/wp-json\/wp\/v2\/pages\/190\/revisions\/191"}],"wp:attachment":[{"href":"https:\/\/viaabsolutta.com.br\/index.php\/wp-json\/wp\/v2\/media?parent=190"}],"curies":[{"name":"wp","href":"https:\/\/api.w.org\/{rel}","templated":true}]}}