{"id":194,"date":"2026-03-23T11:27:14","date_gmt":"2026-03-23T14:27:14","guid":{"rendered":"https:\/\/viaabsolutta.com.br\/?page_id=194"},"modified":"2026-03-23T11:27:15","modified_gmt":"2026-03-23T14:27:15","slug":"equipamentos-moveis-e-estacionarios","status":"publish","type":"page","link":"https:\/\/viaabsolutta.com.br\/index.php\/equipamentos-moveis-e-estacionarios\/","title":{"rendered":"Equipamentos M\u00f3veis e Estacion\u00e1rios"},"content":{"rendered":"<div id='av_section_1'  class='avia-section av-2cikj6-b642f8eeafe378425c0f6c0cadd413fa main_color avia-section-default avia-no-border-styling  avia-builder-el-0  avia-builder-el-no-sibling  avia-bg-style-scroll container_wrap sidebar_right'  ><div class='container av-section-cont-open' ><main  role=\"main\" itemprop=\"mainContentOfPage\"  class='template-page content  av-content-small alpha units'><div class='post-entry post-entry-type-page post-entry-194'><div class='entry-content-wrapper clearfix'>\n<div class='flex_column_table av-mmzdc54m-5a7aa5fa063e82a845336adaa3adad7c sc-av_one_half av-equal-height-column-flextable'><div  class='flex_column av-mmzdc54m-5a7aa5fa063e82a845336adaa3adad7c av_one_half  avia-builder-el-1  el_before_av_one_half  avia-builder-el-first  first flex_column_table_cell av-equal-height-column av-align-middle  '     ><style type=\"text\/css\" data-created_by=\"avia_inline_auto\" id=\"style-css-av-mmzcxgjf-3f6a9c7f46f1717566d23cb5e800f507\">\n.avia-image-container.av-mmzcxgjf-3f6a9c7f46f1717566d23cb5e800f507 img.avia_image{\nbox-shadow:none;\n}\n.avia-image-container.av-mmzcxgjf-3f6a9c7f46f1717566d23cb5e800f507 .av-image-caption-overlay-center{\ncolor:#ffffff;\n}\n<\/style>\n<div  class='avia-image-container av-mmzcxgjf-3f6a9c7f46f1717566d23cb5e800f507 av-styling- avia-align-center  avia-builder-el-2  avia-builder-el-no-sibling '   itemprop=\"image\" itemscope=\"itemscope\" itemtype=\"https:\/\/schema.org\/ImageObject\" ><div class=\"avia-image-container-inner\"><div class=\"avia-image-overlay-wrap\"><img decoding=\"async\" fetchpriority=\"high\" class='wp-image-84 avia-img-lazy-loading-not-84 avia_image ' src=\"https:\/\/viaabsolutta.com.br\/wp-content\/uploads\/2026\/03\/equipamentos-1.png\" alt='' title='equipamentos-1'  height=\"510\" width=\"515\"  itemprop=\"thumbnailUrl\" srcset=\"https:\/\/viaabsolutta.com.br\/wp-content\/uploads\/2026\/03\/equipamentos-1.png 515w, https:\/\/viaabsolutta.com.br\/wp-content\/uploads\/2026\/03\/equipamentos-1-300x297.png 300w, https:\/\/viaabsolutta.com.br\/wp-content\/uploads\/2026\/03\/equipamentos-1-80x80.png 80w, https:\/\/viaabsolutta.com.br\/wp-content\/uploads\/2026\/03\/equipamentos-1-36x36.png 36w\" sizes=\"(max-width: 515px) 100vw, 515px\" \/><\/div><\/div><\/div><\/div><div class='av-flex-placeholder'><\/div><div  class='flex_column av-29w75m-3a0ad0e2a460d4d0fad3373464979664 av_one_half  avia-builder-el-3  el_after_av_one_half  el_before_av_hr  flex_column_table_cell av-equal-height-column av-align-middle  '     ><p>\n<style type=\"text\/css\" data-created_by=\"avia_inline_auto\" id=\"style-css-av-8h4ph-5f843edee348feba1c8e13fabfdd68ff\">\n#top .av-special-heading.av-8h4ph-5f843edee348feba1c8e13fabfdd68ff{\npadding-bottom:10px;\nfont-size:35px;\n}\nbody .av-special-heading.av-8h4ph-5f843edee348feba1c8e13fabfdd68ff .av-special-heading-tag .heading-char{\nfont-size:25px;\n}\n#top #wrap_all .av-special-heading.av-8h4ph-5f843edee348feba1c8e13fabfdd68ff .av-special-heading-tag{\nfont-size:35px;\n}\n.av-special-heading.av-8h4ph-5f843edee348feba1c8e13fabfdd68ff .av-subheading{\nfont-size:15px;\n}\n\n@media only screen and (min-width: 480px) and (max-width: 767px){ \n#top #wrap_all .av-special-heading.av-8h4ph-5f843edee348feba1c8e13fabfdd68ff .av-special-heading-tag{\nfont-size:0.8em;\n}\n}\n\n@media only screen and (max-width: 479px){ \n#top #wrap_all .av-special-heading.av-8h4ph-5f843edee348feba1c8e13fabfdd68ff .av-special-heading-tag{\nfont-size:0.8em;\n}\n}\n<\/style>\n<div  class='av-special-heading av-8h4ph-5f843edee348feba1c8e13fabfdd68ff av-special-heading-h3 blockquote modern-quote  avia-builder-el-4  el_before_av_textblock  avia-builder-el-first  av-inherit-size'><h3 class='av-special-heading-tag '  itemprop=\"headline\"  >Equipamentos M\u00f3veis e Estacion\u00e1rios<\/h3><div class=\"special-heading-border\"><div class=\"special-heading-inner-border\"><\/div><\/div><\/div><br \/>\n\n<style type=\"text\/css\" data-created_by=\"avia_inline_auto\" id=\"style-css-av-mmzcymbb-cab1e337278393cfde4f032fbbc14d73\">\n#top .av_textblock_section.av-mmzcymbb-cab1e337278393cfde4f032fbbc14d73 .avia_textblock{\nfont-size:16px;\n}\n<\/style>\n<section  class='av_textblock_section av-mmzcymbb-cab1e337278393cfde4f032fbbc14d73 '   itemscope=\"itemscope\" itemtype=\"https:\/\/schema.org\/CreativeWork\" ><div class='avia_textblock'  itemprop=\"text\" ><p>Como corretora de seguros, trabalhamos com um seguro que visa amparar o segurado aos danos causados aos equipamentos, por quaisquer acidentes de causa externa, inclusive Inc\u00eandio, raio e explos\u00e3o de qualquer natureza, roubo e furto quando contratada a cobertura.<\/p>\n<\/div><\/section><\/p><\/div><\/div><!--close column table wrapper. Autoclose: 1 -->\n<style type=\"text\/css\" data-created_by=\"avia_inline_auto\" id=\"style-css-av-mn39ovko-c9bc4c435072af03a7b7133967fab3b9\">\n#top .hr.hr-invisible.av-mn39ovko-c9bc4c435072af03a7b7133967fab3b9{\nheight:50px;\n}\n<\/style>\n<div  class='hr av-mn39ovko-c9bc4c435072af03a7b7133967fab3b9 hr-invisible  avia-builder-el-6  el_after_av_one_half  el_before_av_one_half '><span class='hr-inner '><span class=\"hr-inner-style\"><\/span><\/span><\/div>\n<div  class='flex_column av-ggjxh-b62a0b4aa00c83fed42007ca13c73a3e av_one_half  avia-builder-el-7  el_after_av_hr  el_before_av_one_half  first flex_column_div  '     ><p>\n<style type=\"text\/css\" data-created_by=\"avia_inline_auto\" id=\"style-css-av-mmzczyuc-e65e09a9f8bba8f3781cb6a7efddb43a\">\n#top .av-special-heading.av-mmzczyuc-e65e09a9f8bba8f3781cb6a7efddb43a{\npadding-bottom:10px;\nfont-size:35px;\n}\nbody .av-special-heading.av-mmzczyuc-e65e09a9f8bba8f3781cb6a7efddb43a .av-special-heading-tag .heading-char{\nfont-size:25px;\n}\n#top #wrap_all .av-special-heading.av-mmzczyuc-e65e09a9f8bba8f3781cb6a7efddb43a .av-special-heading-tag{\nfont-size:35px;\n}\n.av-special-heading.av-mmzczyuc-e65e09a9f8bba8f3781cb6a7efddb43a .av-subheading{\nfont-size:15px;\n}\n\n@media only screen and (min-width: 480px) and (max-width: 767px){ \n#top #wrap_all .av-special-heading.av-mmzczyuc-e65e09a9f8bba8f3781cb6a7efddb43a .av-special-heading-tag{\nfont-size:0.8em;\n}\n}\n\n@media only screen and (max-width: 479px){ \n#top #wrap_all .av-special-heading.av-mmzczyuc-e65e09a9f8bba8f3781cb6a7efddb43a .av-special-heading-tag{\nfont-size:0.8em;\n}\n}\n<\/style>\n<div  class='av-special-heading av-mmzczyuc-e65e09a9f8bba8f3781cb6a7efddb43a av-special-heading-h3 blockquote modern-quote  avia-builder-el-8  el_before_av_hr  avia-builder-el-first  av-inherit-size'><h3 class='av-special-heading-tag '  itemprop=\"headline\"  >Coberturas b\u00e1sicas:<\/h3><div class=\"special-heading-border\"><div class=\"special-heading-inner-border\"><\/div><\/div><\/div><br \/>\n\n<style type=\"text\/css\" data-created_by=\"avia_inline_auto\" id=\"style-css-av-mn39ozic-234109b700febe436995e0bfa2cb030c\">\n#top .hr.hr-invisible.av-mn39ozic-234109b700febe436995e0bfa2cb030c{\nheight:25px;\n}\n<\/style>\n<div  class='hr av-mn39ozic-234109b700febe436995e0bfa2cb030c hr-invisible  avia-builder-el-9  el_after_av_heading  el_before_av_iconlist '><span class='hr-inner '><span class=\"hr-inner-style\"><\/span><\/span><\/div><br \/>\n\n<style type=\"text\/css\" data-created_by=\"avia_inline_auto\" id=\"style-css-av-mn39799e-25a464259e52c8e5d583ca8bdf7b84fe\">\n#top .avia-icon-list-container.av-mn39799e-25a464259e52c8e5d583ca8bdf7b84fe .iconlist_icon{\ncolor:#ffffff;\nbackground-color:#a58c4e;\n}\n.avia-icon-list-container.av-mn39799e-25a464259e52c8e5d583ca8bdf7b84fe .iconlist_content{\nfont-size:18px;\n}\n<\/style>\n<div  class='avia-icon-list-container av-mn39799e-25a464259e52c8e5d583ca8bdf7b84fe  avia-builder-el-10  el_after_av_hr  avia-builder-el-last '><ul class='avia-icon-list avia_animate_when_almost_visible avia-icon-list-left av-iconlist-big av-mn39799e-25a464259e52c8e5d583ca8bdf7b84fe avia-iconlist-animate'>\n<li><div class='iconlist_icon av-mn3951ai-b12bf87c6e02b42f3c0518dcd89180b7 avia-font-entypo-fontello'><span class='iconlist-char' aria-hidden='true' data-av_icon='\ue83e' data-av_iconfont='entypo-fontello'><\/span><\/div><article class=\"article-icon-entry \"  itemscope=\"itemscope\" itemtype=\"https:\/\/schema.org\/CreativeWork\" ><div class=\"iconlist_content_wrap\"><header class=\"entry-content-header\" aria-label=\"Icon: \"><\/header><div class='iconlist_content '  itemprop=\"text\" ><p>Equipamentos M\u00f3veis \u2013 com roubo<\/p>\n<\/div><\/div><footer class=\"entry-footer\"><\/footer><\/article><div class=\"iconlist-timeline\"><\/div><\/li>\n<li><div class='iconlist_icon av-mn3951ai-b12bf87c6e02b42f3c0518dcd89180b7 avia-font-entypo-fontello'><span class='iconlist-char' aria-hidden='true' data-av_icon='\ue83e' data-av_iconfont='entypo-fontello'><\/span><\/div><article class=\"article-icon-entry \"  itemscope=\"itemscope\" itemtype=\"https:\/\/schema.org\/CreativeWork\" ><div class=\"iconlist_content_wrap\"><header class=\"entry-content-header\" aria-label=\"Icon: \"><\/header><div class='iconlist_content '  itemprop=\"text\" ><p>Equipamentos M\u00f3veis \u2013 sem roubo<\/p>\n<\/div><\/div><footer class=\"entry-footer\"><\/footer><\/article><div class=\"iconlist-timeline\"><\/div><\/li>\n<li><div class='iconlist_icon av-mn3951ai-b12bf87c6e02b42f3c0518dcd89180b7 avia-font-entypo-fontello'><span class='iconlist-char' aria-hidden='true' data-av_icon='\ue83e' data-av_iconfont='entypo-fontello'><\/span><\/div><article class=\"article-icon-entry \"  itemscope=\"itemscope\" itemtype=\"https:\/\/schema.org\/CreativeWork\" ><div class=\"iconlist_content_wrap\"><header class=\"entry-content-header\" aria-label=\"Icon: \"><\/header><div class='iconlist_content '  itemprop=\"text\" ><p>Equipamentos Estacion\u00e1rios \u2013 com roubo<\/p>\n<\/div><\/div><footer class=\"entry-footer\"><\/footer><\/article><div class=\"iconlist-timeline\"><\/div><\/li>\n<li><div class='iconlist_icon av-mn3951ai-b12bf87c6e02b42f3c0518dcd89180b7 avia-font-entypo-fontello'><span class='iconlist-char' aria-hidden='true' data-av_icon='\ue83e' data-av_iconfont='entypo-fontello'><\/span><\/div><article class=\"article-icon-entry \"  itemscope=\"itemscope\" itemtype=\"https:\/\/schema.org\/CreativeWork\" ><div class=\"iconlist_content_wrap\"><header class=\"entry-content-header\" aria-label=\"Icon: \"><\/header><div class='iconlist_content '  itemprop=\"text\" ><p>Equipamentos Estacion\u00e1rios \u2013 sem roubo<\/p>\n<\/div><\/div><footer class=\"entry-footer\"><\/footer><\/article><div class=\"iconlist-timeline\"><\/div><\/li>\n<li><div class='iconlist_icon av-mn3951ai-b12bf87c6e02b42f3c0518dcd89180b7 avia-font-entypo-fontello'><span class='iconlist-char' aria-hidden='true' data-av_icon='\ue83e' data-av_iconfont='entypo-fontello'><\/span><\/div><article class=\"article-icon-entry \"  itemscope=\"itemscope\" itemtype=\"https:\/\/schema.org\/CreativeWork\" ><div class=\"iconlist_content_wrap\"><header class=\"entry-content-header\" aria-label=\"Icon: \"><\/header><div class='iconlist_content '  itemprop=\"text\" ><p>Equipamentos Port\u00e1teis \u2013 com roubo<\/p>\n<\/div><\/div><footer class=\"entry-footer\"><\/footer><\/article><div class=\"iconlist-timeline\"><\/div><\/li>\n<li><div class='iconlist_icon av-mn3951ai-b12bf87c6e02b42f3c0518dcd89180b7 avia-font-entypo-fontello'><span class='iconlist-char' aria-hidden='true' data-av_icon='\ue83e' data-av_iconfont='entypo-fontello'><\/span><\/div><article class=\"article-icon-entry \"  itemscope=\"itemscope\" itemtype=\"https:\/\/schema.org\/CreativeWork\" ><div class=\"iconlist_content_wrap\"><header class=\"entry-content-header\" aria-label=\"Icon: \"><\/header><div class='iconlist_content '  itemprop=\"text\" ><p>Equipamentos Port\u00e1teis \u2013 sem roubo<\/p>\n<\/div><\/div><footer class=\"entry-footer\"><\/footer><\/article><div class=\"iconlist-timeline\"><\/div><\/li>\n<li><div class='iconlist_icon av-mn3951ai-b12bf87c6e02b42f3c0518dcd89180b7 avia-font-entypo-fontello'><span class='iconlist-char' aria-hidden='true' data-av_icon='\ue83e' data-av_iconfont='entypo-fontello'><\/span><\/div><article class=\"article-icon-entry \"  itemscope=\"itemscope\" itemtype=\"https:\/\/schema.org\/CreativeWork\" ><div class=\"iconlist_content_wrap\"><header class=\"entry-content-header\" aria-label=\"Icon: \"><\/header><div class='iconlist_content '  itemprop=\"text\" ><p>Equipamentos em exposi\u00e7\u00e3o \u2013 exclu\u00eddo o risco de transporte<\/p>\n<\/div><\/div><footer class=\"entry-footer\"><\/footer><\/article><div class=\"iconlist-timeline\"><\/div><\/li>\n<li><div class='iconlist_icon av-mn3951ai-b12bf87c6e02b42f3c0518dcd89180b7 avia-font-entypo-fontello'><span class='iconlist-char' aria-hidden='true' data-av_icon='\ue83e' data-av_iconfont='entypo-fontello'><\/span><\/div><article class=\"article-icon-entry \"  itemscope=\"itemscope\" itemtype=\"https:\/\/schema.org\/CreativeWork\" ><div class=\"iconlist_content_wrap\"><header class=\"entry-content-header\" aria-label=\"Icon: \"><\/header><div class='iconlist_content '  itemprop=\"text\" ><p>Equipamentos em exposi\u00e7\u00e3o \u2013 inclu\u00eddo o risco de transporte<\/p>\n<\/div><\/div><footer class=\"entry-footer\"><\/footer><\/article><div class=\"iconlist-timeline\"><\/div><\/li>\n<\/ul><\/div><\/p><\/div><div  class='flex_column av-av_one_half-3b0d446bf9e6f7db91541aa567be4cdf av_one_half  avia-builder-el-11  el_after_av_one_half  avia-builder-el-last  flex_column_div  '     ><p>\n<style type=\"text\/css\" data-created_by=\"avia_inline_auto\" id=\"style-css-av-mn3a33c8-07c820a73dcaf10f26c25509b4437c37\">\n#top .av-special-heading.av-mn3a33c8-07c820a73dcaf10f26c25509b4437c37{\npadding-bottom:10px;\nfont-size:35px;\n}\nbody .av-special-heading.av-mn3a33c8-07c820a73dcaf10f26c25509b4437c37 .av-special-heading-tag .heading-char{\nfont-size:25px;\n}\n#top #wrap_all .av-special-heading.av-mn3a33c8-07c820a73dcaf10f26c25509b4437c37 .av-special-heading-tag{\nfont-size:35px;\n}\n.av-special-heading.av-mn3a33c8-07c820a73dcaf10f26c25509b4437c37 .av-subheading{\nfont-size:15px;\n}\n\n@media only screen and (min-width: 480px) and (max-width: 767px){ \n#top #wrap_all .av-special-heading.av-mn3a33c8-07c820a73dcaf10f26c25509b4437c37 .av-special-heading-tag{\nfont-size:0.8em;\n}\n}\n\n@media only screen and (max-width: 479px){ \n#top #wrap_all .av-special-heading.av-mn3a33c8-07c820a73dcaf10f26c25509b4437c37 .av-special-heading-tag{\nfont-size:0.8em;\n}\n}\n<\/style>\n<div  class='av-special-heading av-mn3a33c8-07c820a73dcaf10f26c25509b4437c37 av-special-heading-h3 blockquote modern-quote  avia-builder-el-12  el_before_av_hr  avia-builder-el-first  av-inherit-size'><h3 class='av-special-heading-tag '  itemprop=\"headline\"  >Coberturas opcionais:<\/h3><div class=\"special-heading-border\"><div class=\"special-heading-inner-border\"><\/div><\/div><\/div><br \/>\n\n<style type=\"text\/css\" data-created_by=\"avia_inline_auto\" id=\"style-css-av-av_hr-50edc9949d927eab467680f201044eec\">\n#top .hr.hr-invisible.av-av_hr-50edc9949d927eab467680f201044eec{\nheight:25px;\n}\n<\/style>\n<div  class='hr av-av_hr-50edc9949d927eab467680f201044eec hr-invisible  avia-builder-el-13  el_after_av_heading  el_before_av_iconlist '><span class='hr-inner '><span class=\"hr-inner-style\"><\/span><\/span><\/div><br \/>\n\n<style type=\"text\/css\" data-created_by=\"avia_inline_auto\" id=\"style-css-av-mn3a44rk-c1f507531f334ece7d615f69e59ea7ab\">\n#top .avia-icon-list-container.av-mn3a44rk-c1f507531f334ece7d615f69e59ea7ab .iconlist_icon{\ncolor:#ffffff;\nbackground-color:#a58c4e;\n}\n.avia-icon-list-container.av-mn3a44rk-c1f507531f334ece7d615f69e59ea7ab .iconlist_content{\nfont-size:18px;\n}\n<\/style>\n<div  class='avia-icon-list-container av-mn3a44rk-c1f507531f334ece7d615f69e59ea7ab  avia-builder-el-14  el_after_av_hr  avia-builder-el-last '><ul class='avia-icon-list avia_animate_when_almost_visible avia-icon-list-left av-iconlist-big av-mn3a44rk-c1f507531f334ece7d615f69e59ea7ab avia-iconlist-animate'>\n<li><div class='iconlist_icon av-mn3a3fa2-8c933c7f3de3fc03a469ef346eb5b85a avia-font-entypo-fontello'><span class='iconlist-char' aria-hidden='true' data-av_icon='\ue83e' data-av_iconfont='entypo-fontello'><\/span><\/div><article class=\"article-icon-entry \"  itemscope=\"itemscope\" itemtype=\"https:\/\/schema.org\/CreativeWork\" ><div class=\"iconlist_content_wrap\"><header class=\"entry-content-header\" aria-label=\"Icon: \"><\/header><div class='iconlist_content '  itemprop=\"text\" ><p>Coberturas opcionais<\/p>\n<\/div><\/div><footer class=\"entry-footer\"><\/footer><\/article><div class=\"iconlist-timeline\"><\/div><\/li>\n<li><div class='iconlist_icon av-mn3a3fa2-8c933c7f3de3fc03a469ef346eb5b85a avia-font-entypo-fontello'><span class='iconlist-char' aria-hidden='true' data-av_icon='\ue83e' data-av_iconfont='entypo-fontello'><\/span><\/div><article class=\"article-icon-entry \"  itemscope=\"itemscope\" itemtype=\"https:\/\/schema.org\/CreativeWork\" ><div class=\"iconlist_content_wrap\"><header class=\"entry-content-header\" aria-label=\"Icon: \"><\/header><div class='iconlist_content '  itemprop=\"text\" ><p>Danos el\u00e9tricos<\/p>\n<\/div><\/div><footer class=\"entry-footer\"><\/footer><\/article><div class=\"iconlist-timeline\"><\/div><\/li>\n<li><div class='iconlist_icon av-mn3a3fa2-8c933c7f3de3fc03a469ef346eb5b85a avia-font-entypo-fontello'><span class='iconlist-char' aria-hidden='true' data-av_icon='\ue83e' data-av_iconfont='entypo-fontello'><\/span><\/div><article class=\"article-icon-entry \"  itemscope=\"itemscope\" itemtype=\"https:\/\/schema.org\/CreativeWork\" ><div class=\"iconlist_content_wrap\"><header class=\"entry-content-header\" aria-label=\"Icon: \"><\/header><div class='iconlist_content '  itemprop=\"text\" ><p>Perda de Aluguel<\/p>\n<\/div><\/div><footer class=\"entry-footer\"><\/footer><\/article><div class=\"iconlist-timeline\"><\/div><\/li>\n<li><div class='iconlist_icon av-mn3a3fa2-8c933c7f3de3fc03a469ef346eb5b85a avia-font-entypo-fontello'><span class='iconlist-char' aria-hidden='true' data-av_icon='\ue83e' data-av_iconfont='entypo-fontello'><\/span><\/div><article class=\"article-icon-entry \"  itemscope=\"itemscope\" itemtype=\"https:\/\/schema.org\/CreativeWork\" ><div class=\"iconlist_content_wrap\"><header class=\"entry-content-header\" aria-label=\"Icon: \"><\/header><div class='iconlist_content '  itemprop=\"text\" ><p>Pagamento de Aluguel a terceiros<\/p>\n<\/div><\/div><footer class=\"entry-footer\"><\/footer><\/article><div class=\"iconlist-timeline\"><\/div><\/li>\n<li><div class='iconlist_icon av-mn3a3fa2-8c933c7f3de3fc03a469ef346eb5b85a avia-font-entypo-fontello'><span class='iconlist-char' aria-hidden='true' data-av_icon='\ue83e' data-av_iconfont='entypo-fontello'><\/span><\/div><article class=\"article-icon-entry \"  itemscope=\"itemscope\" itemtype=\"https:\/\/schema.org\/CreativeWork\" ><div class=\"iconlist_content_wrap\"><header class=\"entry-content-header\" aria-label=\"Icon: \"><\/header><div class='iconlist_content '  itemprop=\"text\" ><p>Responsabilidade Civil<\/p>\n<\/div><\/div><footer class=\"entry-footer\"><\/footer><\/article><div class=\"iconlist-timeline\"><\/div><\/li>\n<li><div class='iconlist_icon av-mn3a3fa2-8c933c7f3de3fc03a469ef346eb5b85a avia-font-entypo-fontello'><span class='iconlist-char' aria-hidden='true' data-av_icon='\ue83e' data-av_iconfont='entypo-fontello'><\/span><\/div><article class=\"article-icon-entry \"  itemscope=\"itemscope\" itemtype=\"https:\/\/schema.org\/CreativeWork\" ><div class=\"iconlist_content_wrap\"><header class=\"entry-content-header\" aria-label=\"Icon: \"><\/header><div class='iconlist_content '  itemprop=\"text\" ><p>Equipamentos em opera\u00e7\u00e3o em proximidade de \u00e1gua<\/p>\n<\/div><\/div><footer class=\"entry-footer\"><\/footer><\/article><div class=\"iconlist-timeline\"><\/div><\/li>\n<\/ul><\/div><\/p><\/div><\/div><\/div><\/main><!-- close content main element --><\/div><\/div><div id='after_section_1'  class='main_color av_default_container_wrap container_wrap sidebar_right'  ><div class='container av-section-cont-open' ><div class='template-page content  av-content-small alpha units'><div class='post-entry post-entry-type-page post-entry-194'><div class='entry-content-wrapper clearfix'>\n","protected":false},"excerpt":{"rendered":"","protected":false},"author":1,"featured_media":0,"parent":0,"menu_order":0,"comment_status":"closed","ping_status":"closed","template":"","meta":{"_joinchat":[],"footnotes":""},"class_list":["post-194","page","type-page","status-publish","hentry"],"_links":{"self":[{"href":"https:\/\/viaabsolutta.com.br\/index.php\/wp-json\/wp\/v2\/pages\/194","targetHints":{"allow":["GET"]}}],"collection":[{"href":"https:\/\/viaabsolutta.com.br\/index.php\/wp-json\/wp\/v2\/pages"}],"about":[{"href":"https:\/\/viaabsolutta.com.br\/index.php\/wp-json\/wp\/v2\/types\/page"}],"author":[{"embeddable":true,"href":"https:\/\/viaabsolutta.com.br\/index.php\/wp-json\/wp\/v2\/users\/1"}],"replies":[{"embeddable":true,"href":"https:\/\/viaabsolutta.com.br\/index.php\/wp-json\/wp\/v2\/comments?post=194"}],"version-history":[{"count":1,"href":"https:\/\/viaabsolutta.com.br\/index.php\/wp-json\/wp\/v2\/pages\/194\/revisions"}],"predecessor-version":[{"id":195,"href":"https:\/\/viaabsolutta.com.br\/index.php\/wp-json\/wp\/v2\/pages\/194\/revisions\/195"}],"wp:attachment":[{"href":"https:\/\/viaabsolutta.com.br\/index.php\/wp-json\/wp\/v2\/media?parent=194"}],"curies":[{"name":"wp","href":"https:\/\/api.w.org\/{rel}","templated":true}]}}