{"id":197,"date":"2026-03-23T11:33:43","date_gmt":"2026-03-23T14:33:43","guid":{"rendered":"https:\/\/viaabsolutta.com.br\/?page_id=197"},"modified":"2026-03-23T11:34:15","modified_gmt":"2026-03-23T14:34:15","slug":"seguros-empresariais","status":"publish","type":"page","link":"https:\/\/viaabsolutta.com.br\/index.php\/seguros-empresariais\/","title":{"rendered":"Seguros Empresariais"},"content":{"rendered":"<div id='av_section_1'  class='avia-section av-2cikj6-b642f8eeafe378425c0f6c0cadd413fa main_color avia-section-default avia-no-border-styling  avia-builder-el-0  avia-builder-el-no-sibling  avia-bg-style-scroll container_wrap sidebar_right'  ><div class='container av-section-cont-open' ><main  role=\"main\" itemprop=\"mainContentOfPage\"  class='template-page content  av-content-small alpha units'><div class='post-entry post-entry-type-page post-entry-197'><div class='entry-content-wrapper clearfix'>\n<div class='flex_column_table av-mmzdc54m-5a7aa5fa063e82a845336adaa3adad7c sc-av_one_half av-equal-height-column-flextable'><div  class='flex_column av-mmzdc54m-5a7aa5fa063e82a845336adaa3adad7c av_one_half  avia-builder-el-1  el_before_av_one_half  avia-builder-el-first  first flex_column_table_cell av-equal-height-column av-align-middle  '     ><style type=\"text\/css\" data-created_by=\"avia_inline_auto\" id=\"style-css-av-mmzcxgjf-27d19a7ac043e9f7a4d7391e2459a5da\">\n.avia-image-container.av-mmzcxgjf-27d19a7ac043e9f7a4d7391e2459a5da img.avia_image{\nbox-shadow:none;\n}\n.avia-image-container.av-mmzcxgjf-27d19a7ac043e9f7a4d7391e2459a5da .av-image-caption-overlay-center{\ncolor:#ffffff;\n}\n<\/style>\n<div  class='avia-image-container av-mmzcxgjf-27d19a7ac043e9f7a4d7391e2459a5da av-styling- avia-align-center  avia-builder-el-2  avia-builder-el-no-sibling '   itemprop=\"image\" itemscope=\"itemscope\" itemtype=\"https:\/\/schema.org\/ImageObject\" ><div class=\"avia-image-container-inner\"><div class=\"avia-image-overlay-wrap\"><img decoding=\"async\" fetchpriority=\"high\" class='wp-image-87 avia-img-lazy-loading-not-87 avia_image ' src=\"https:\/\/viaabsolutta.com.br\/wp-content\/uploads\/2026\/03\/empresarial-1.png\" alt='' title='empresarial-1'  height=\"510\" width=\"515\"  itemprop=\"thumbnailUrl\" srcset=\"https:\/\/viaabsolutta.com.br\/wp-content\/uploads\/2026\/03\/empresarial-1.png 515w, https:\/\/viaabsolutta.com.br\/wp-content\/uploads\/2026\/03\/empresarial-1-300x297.png 300w, https:\/\/viaabsolutta.com.br\/wp-content\/uploads\/2026\/03\/empresarial-1-80x80.png 80w, https:\/\/viaabsolutta.com.br\/wp-content\/uploads\/2026\/03\/empresarial-1-36x36.png 36w\" sizes=\"(max-width: 515px) 100vw, 515px\" \/><\/div><\/div><\/div><\/div><div class='av-flex-placeholder'><\/div><div  class='flex_column av-29w75m-3a0ad0e2a460d4d0fad3373464979664 av_one_half  avia-builder-el-3  el_after_av_one_half  el_before_av_hr  flex_column_table_cell av-equal-height-column av-align-middle  '     ><p>\n<style type=\"text\/css\" data-created_by=\"avia_inline_auto\" id=\"style-css-av-8h4ph-95a91ddfd4c86fbeb45c59b79f95f1ac\">\n#top .av-special-heading.av-8h4ph-95a91ddfd4c86fbeb45c59b79f95f1ac{\npadding-bottom:10px;\nfont-size:35px;\n}\nbody .av-special-heading.av-8h4ph-95a91ddfd4c86fbeb45c59b79f95f1ac .av-special-heading-tag .heading-char{\nfont-size:25px;\n}\n#top #wrap_all .av-special-heading.av-8h4ph-95a91ddfd4c86fbeb45c59b79f95f1ac .av-special-heading-tag{\nfont-size:35px;\n}\n.av-special-heading.av-8h4ph-95a91ddfd4c86fbeb45c59b79f95f1ac .av-subheading{\nfont-size:15px;\n}\n\n@media only screen and (min-width: 480px) and (max-width: 767px){ \n#top #wrap_all .av-special-heading.av-8h4ph-95a91ddfd4c86fbeb45c59b79f95f1ac .av-special-heading-tag{\nfont-size:0.8em;\n}\n}\n\n@media only screen and (max-width: 479px){ \n#top #wrap_all .av-special-heading.av-8h4ph-95a91ddfd4c86fbeb45c59b79f95f1ac .av-special-heading-tag{\nfont-size:0.8em;\n}\n}\n<\/style>\n<div  class='av-special-heading av-8h4ph-95a91ddfd4c86fbeb45c59b79f95f1ac av-special-heading-h3 blockquote modern-quote  avia-builder-el-4  el_before_av_textblock  avia-builder-el-first  av-inherit-size'><h3 class='av-special-heading-tag '  itemprop=\"headline\"  >Seguros Empresariais<\/h3><div class=\"special-heading-border\"><div class=\"special-heading-inner-border\"><\/div><\/div><\/div><br \/>\n\n<style type=\"text\/css\" data-created_by=\"avia_inline_auto\" id=\"style-css-av-mmzcymbb-cab1e337278393cfde4f032fbbc14d73\">\n#top .av_textblock_section.av-mmzcymbb-cab1e337278393cfde4f032fbbc14d73 .avia_textblock{\nfont-size:16px;\n}\n<\/style>\n<section  class='av_textblock_section av-mmzcymbb-cab1e337278393cfde4f032fbbc14d73 '   itemscope=\"itemscope\" itemtype=\"https:\/\/schema.org\/CreativeWork\" ><div class='avia_textblock'  itemprop=\"text\" ><p>Os Seguros Empresariais foram para dar seguran\u00e7a e prote\u00e7\u00e3o ao seu patrim\u00f4nio. As coberturas especiais variam de acordo com as necessidades de cada segmento, seja ind\u00fastria ou com\u00e9rcio, mot\u00e9is, pousadas, bares, restaurantes, entre outros.<\/p>\n<\/div><\/section><\/p><\/div><\/div><!--close column table wrapper. Autoclose: 1 -->\n<style type=\"text\/css\" data-created_by=\"avia_inline_auto\" id=\"style-css-av-mn39ovko-c9bc4c435072af03a7b7133967fab3b9\">\n#top .hr.hr-invisible.av-mn39ovko-c9bc4c435072af03a7b7133967fab3b9{\nheight:50px;\n}\n<\/style>\n<div  class='hr av-mn39ovko-c9bc4c435072af03a7b7133967fab3b9 hr-invisible  avia-builder-el-6  el_after_av_one_half  el_before_av_heading '><span class='hr-inner '><span class=\"hr-inner-style\"><\/span><\/span><\/div>\n\n<style type=\"text\/css\" data-created_by=\"avia_inline_auto\" id=\"style-css-av-mmzczyuc-e10a2c1adfb5d8986e2f7cdeb6179c6a\">\n#top .av-special-heading.av-mmzczyuc-e10a2c1adfb5d8986e2f7cdeb6179c6a{\npadding-bottom:10px;\nfont-size:35px;\n}\nbody .av-special-heading.av-mmzczyuc-e10a2c1adfb5d8986e2f7cdeb6179c6a .av-special-heading-tag .heading-char{\nfont-size:25px;\n}\n#top #wrap_all .av-special-heading.av-mmzczyuc-e10a2c1adfb5d8986e2f7cdeb6179c6a .av-special-heading-tag{\nfont-size:35px;\n}\n.av-special-heading.av-mmzczyuc-e10a2c1adfb5d8986e2f7cdeb6179c6a .av-subheading{\nfont-size:15px;\n}\n\n@media only screen and (min-width: 480px) and (max-width: 767px){ \n#top #wrap_all .av-special-heading.av-mmzczyuc-e10a2c1adfb5d8986e2f7cdeb6179c6a .av-special-heading-tag{\nfont-size:0.8em;\n}\n}\n\n@media only screen and (max-width: 479px){ \n#top #wrap_all .av-special-heading.av-mmzczyuc-e10a2c1adfb5d8986e2f7cdeb6179c6a .av-special-heading-tag{\nfont-size:0.8em;\n}\n}\n<\/style>\n<div  class='av-special-heading av-mmzczyuc-e10a2c1adfb5d8986e2f7cdeb6179c6a av-special-heading-h3 blockquote modern-quote modern-centered  avia-builder-el-7  el_after_av_hr  el_before_av_hr  av-inherit-size'><h3 class='av-special-heading-tag '  itemprop=\"headline\"  >Confira as coberturas que pode ser contratadas:<\/h3><div class=\"special-heading-border\"><div class=\"special-heading-inner-border\"><\/div><\/div><\/div>\n\n<style type=\"text\/css\" data-created_by=\"avia_inline_auto\" id=\"style-css-av-d4khx-d0d5036eb353e553dade48a52975e21e\">\n#top .hr.hr-invisible.av-d4khx-d0d5036eb353e553dade48a52975e21e{\nheight:50px;\n}\n<\/style>\n<div  class='hr av-d4khx-d0d5036eb353e553dade48a52975e21e hr-invisible  avia-builder-el-8  el_after_av_heading  el_before_av_one_half '><span class='hr-inner '><span class=\"hr-inner-style\"><\/span><\/span><\/div>\n<div  class='flex_column av-ggjxh-b62a0b4aa00c83fed42007ca13c73a3e av_one_half  avia-builder-el-9  el_after_av_hr  el_before_av_one_half  first flex_column_div  '     ><style type=\"text\/css\" data-created_by=\"avia_inline_auto\" id=\"style-css-av-mn39799e-25a464259e52c8e5d583ca8bdf7b84fe\">\n#top .avia-icon-list-container.av-mn39799e-25a464259e52c8e5d583ca8bdf7b84fe .iconlist_icon{\ncolor:#ffffff;\nbackground-color:#a58c4e;\n}\n.avia-icon-list-container.av-mn39799e-25a464259e52c8e5d583ca8bdf7b84fe .iconlist_content{\nfont-size:18px;\n}\n<\/style>\n<div  class='avia-icon-list-container av-mn39799e-25a464259e52c8e5d583ca8bdf7b84fe  avia-builder-el-10  avia-builder-el-no-sibling '><ul class='avia-icon-list avia_animate_when_almost_visible avia-icon-list-left av-iconlist-big av-mn39799e-25a464259e52c8e5d583ca8bdf7b84fe avia-iconlist-animate'>\n<li><div class='iconlist_icon av-mn3951ai-b12bf87c6e02b42f3c0518dcd89180b7 avia-font-entypo-fontello'><span class='iconlist-char' aria-hidden='true' data-av_icon='\ue83e' data-av_iconfont='entypo-fontello'><\/span><\/div><article class=\"article-icon-entry \"  itemscope=\"itemscope\" itemtype=\"https:\/\/schema.org\/CreativeWork\" ><div class=\"iconlist_content_wrap\"><header class=\"entry-content-header\" aria-label=\"Icon: \"><\/header><div class='iconlist_content '  itemprop=\"text\" ><p>Inc\u00eandio de qualquer causa, exceto dolo<\/p>\n<\/div><\/div><footer class=\"entry-footer\"><\/footer><\/article><div class=\"iconlist-timeline\"><\/div><\/li>\n<li><div class='iconlist_icon av-mn3951ai-18-00dc676e0e019fa6adac34d9643257ba avia-font-entypo-fontello'><span class='iconlist-char' aria-hidden='true' data-av_icon='\ue83e' data-av_iconfont='entypo-fontello'><\/span><\/div><article class=\"article-icon-entry \"  itemscope=\"itemscope\" itemtype=\"https:\/\/schema.org\/CreativeWork\" ><div class=\"iconlist_content_wrap\"><header class=\"entry-content-header\" aria-label=\"Icon: \"><\/header><div class='iconlist_content '  itemprop=\"text\" ><p>Queda de Raio, atingindo diretamente os bens segurados<\/p>\n<\/div><\/div><footer class=\"entry-footer\"><\/footer><\/article><div class=\"iconlist-timeline\"><\/div><\/li>\n<li><div class='iconlist_icon av-mn3951ai-17-a34744621a255fc2c4f40ab17e5a288a avia-font-entypo-fontello'><span class='iconlist-char' aria-hidden='true' data-av_icon='\ue83e' data-av_iconfont='entypo-fontello'><\/span><\/div><article class=\"article-icon-entry \"  itemscope=\"itemscope\" itemtype=\"https:\/\/schema.org\/CreativeWork\" ><div class=\"iconlist_content_wrap\"><header class=\"entry-content-header\" aria-label=\"Icon: \"><\/header><div class='iconlist_content '  itemprop=\"text\" ><p>Explos\u00e3o de qualquer natureza e origem<\/p>\n<\/div><\/div><footer class=\"entry-footer\"><\/footer><\/article><div class=\"iconlist-timeline\"><\/div><\/li>\n<li><div class='iconlist_icon av-mn3951ai-16-1549395ac7c807abb1887d7f5631187e avia-font-entypo-fontello'><span class='iconlist-char' aria-hidden='true' data-av_icon='\ue83e' data-av_iconfont='entypo-fontello'><\/span><\/div><article class=\"article-icon-entry \"  itemscope=\"itemscope\" itemtype=\"https:\/\/schema.org\/CreativeWork\" ><div class=\"iconlist_content_wrap\"><header class=\"entry-content-header\" aria-label=\"Icon: \"><\/header><div class='iconlist_content '  itemprop=\"text\" ><p>Danos El\u00e9tricos, Eletr\u00f4nicos e Curto-Circuito<\/p>\n<\/div><\/div><footer class=\"entry-footer\"><\/footer><\/article><div class=\"iconlist-timeline\"><\/div><\/li>\n<li><div class='iconlist_icon av-mn3951ai-15-e177c234176b7c66301ac24fdad27a82 avia-font-entypo-fontello'><span class='iconlist-char' aria-hidden='true' data-av_icon='\ue83e' data-av_iconfont='entypo-fontello'><\/span><\/div><article class=\"article-icon-entry \"  itemscope=\"itemscope\" itemtype=\"https:\/\/schema.org\/CreativeWork\" ><div class=\"iconlist_content_wrap\"><header class=\"entry-content-header\" aria-label=\"Icon: \"><\/header><div class='iconlist_content '  itemprop=\"text\" ><p>Vendaval, Granizo, Fura\u00e7\u00e3o, Ciclone, Impacto de Ve\u00edculos, Tornado, Queda de Aeronave e Fuma\u00e7a<\/p>\n<\/div><\/div><footer class=\"entry-footer\"><\/footer><\/article><div class=\"iconlist-timeline\"><\/div><\/li>\n<li><div class='iconlist_icon av-mn3951ai-14-37833efe6da8c311f6622a38871969ed avia-font-entypo-fontello'><span class='iconlist-char' aria-hidden='true' data-av_icon='\ue83e' data-av_iconfont='entypo-fontello'><\/span><\/div><article class=\"article-icon-entry \"  itemscope=\"itemscope\" itemtype=\"https:\/\/schema.org\/CreativeWork\" ><div class=\"iconlist_content_wrap\"><header class=\"entry-content-header\" aria-label=\"Icon: \"><\/header><div class='iconlist_content '  itemprop=\"text\" ><p>Quebra de Vidros, Pain\u00e9is, An\u00fancios Luminosos e Letreiros<\/p>\n<\/div><\/div><footer class=\"entry-footer\"><\/footer><\/article><div class=\"iconlist-timeline\"><\/div><\/li>\n<li><div class='iconlist_icon av-mn3951ai-13-5e2dca89ad4bdabaf5c0fb4c253eff83 avia-font-entypo-fontello'><span class='iconlist-char' aria-hidden='true' data-av_icon='\ue83e' data-av_iconfont='entypo-fontello'><\/span><\/div><article class=\"article-icon-entry \"  itemscope=\"itemscope\" itemtype=\"https:\/\/schema.org\/CreativeWork\" ><div class=\"iconlist_content_wrap\"><header class=\"entry-content-header\" aria-label=\"Icon: \"><\/header><div class='iconlist_content '  itemprop=\"text\" ><p>Desmoronamento Total ou Parcial<\/p>\n<\/div><\/div><footer class=\"entry-footer\"><\/footer><\/article><div class=\"iconlist-timeline\"><\/div><\/li>\n<li><div class='iconlist_icon av-mn3951ai-12-4e51212ef1a88bc471737ba0a85716ce avia-font-entypo-fontello'><span class='iconlist-char' aria-hidden='true' data-av_icon='\ue83e' data-av_iconfont='entypo-fontello'><\/span><\/div><article class=\"article-icon-entry \"  itemscope=\"itemscope\" itemtype=\"https:\/\/schema.org\/CreativeWork\" ><div class=\"iconlist_content_wrap\"><header class=\"entry-content-header\" aria-label=\"Icon: \"><\/header><div class='iconlist_content '  itemprop=\"text\" ><p>Tumultos, Greves, Lock-Out (inclusive inc\u00eandio)<\/p>\n<\/div><\/div><footer class=\"entry-footer\"><\/footer><\/article><div class=\"iconlist-timeline\"><\/div><\/li>\n<li><div class='iconlist_icon av-mn3951ai-11-d67bd192ccc34b41f16c44bb88d0526c avia-font-entypo-fontello'><span class='iconlist-char' aria-hidden='true' data-av_icon='\ue83e' data-av_iconfont='entypo-fontello'><\/span><\/div><article class=\"article-icon-entry \"  itemscope=\"itemscope\" itemtype=\"https:\/\/schema.org\/CreativeWork\" ><div class=\"iconlist_content_wrap\"><header class=\"entry-content-header\" aria-label=\"Icon: \"><\/header><div class='iconlist_content '  itemprop=\"text\" ><p>Roubo, Furto Qualificado<\/p>\n<\/div><\/div><footer class=\"entry-footer\"><\/footer><\/article><div class=\"iconlist-timeline\"><\/div><\/li>\n<\/ul><\/div><\/div><div  class='flex_column av-6yhwd-fe0c301c677e8cd2b67be6ec45896689 av_one_half  avia-builder-el-11  el_after_av_one_half  avia-builder-el-last  flex_column_div  '     ><style type=\"text\/css\" data-created_by=\"avia_inline_auto\" id=\"style-css-av-mn3acghq-5b10d9e283fe3d3affdc356ddcc98a81\">\n#top .avia-icon-list-container.av-mn3acghq-5b10d9e283fe3d3affdc356ddcc98a81 .iconlist_icon{\ncolor:#ffffff;\nbackground-color:#a58c4e;\n}\n.avia-icon-list-container.av-mn3acghq-5b10d9e283fe3d3affdc356ddcc98a81 .iconlist_content{\nfont-size:18px;\n}\n<\/style>\n<div  class='avia-icon-list-container av-mn3acghq-5b10d9e283fe3d3affdc356ddcc98a81  avia-builder-el-12  avia-builder-el-no-sibling '><ul class='avia-icon-list avia_animate_when_almost_visible avia-icon-list-left av-iconlist-big av-mn3acghq-5b10d9e283fe3d3affdc356ddcc98a81 avia-iconlist-animate'>\n<li><div class='iconlist_icon av-mn3ab66e-43ce196dc48d872e1a1f586a409ca4d4 avia-font-entypo-fontello'><span class='iconlist-char' aria-hidden='true' data-av_icon='\ue83e' data-av_iconfont='entypo-fontello'><\/span><\/div><article class=\"article-icon-entry \"  itemscope=\"itemscope\" itemtype=\"https:\/\/schema.org\/CreativeWork\" ><div class=\"iconlist_content_wrap\"><header class=\"entry-content-header\" aria-label=\"Icon: \"><\/header><div class='iconlist_content '  itemprop=\"text\" ><p>Danos a ve\u00edculos de terceiros dentro do local segurado<\/p>\n<\/div><\/div><footer class=\"entry-footer\"><\/footer><\/article><div class=\"iconlist-timeline\"><\/div><\/li>\n<li><div class='iconlist_icon av-mn3ab66e-10-42060cdee1425370036c2e3084d26a7e avia-font-entypo-fontello'><span class='iconlist-char' aria-hidden='true' data-av_icon='\ue83e' data-av_iconfont='entypo-fontello'><\/span><\/div><article class=\"article-icon-entry \"  itemscope=\"itemscope\" itemtype=\"https:\/\/schema.org\/CreativeWork\" ><div class=\"iconlist_content_wrap\"><header class=\"entry-content-header\" aria-label=\"Icon: \"><\/header><div class='iconlist_content '  itemprop=\"text\" ><p>Equipamentos Eletr\u00f4nicos<\/p>\n<\/div><\/div><footer class=\"entry-footer\"><\/footer><\/article><div class=\"iconlist-timeline\"><\/div><\/li>\n<li><div class='iconlist_icon av-mn3ab66e-9-0c4a40da3c68e5b5f6d327093eba9fc2 avia-font-entypo-fontello'><span class='iconlist-char' aria-hidden='true' data-av_icon='\ue83e' data-av_iconfont='entypo-fontello'><\/span><\/div><article class=\"article-icon-entry \"  itemscope=\"itemscope\" itemtype=\"https:\/\/schema.org\/CreativeWork\" ><div class=\"iconlist_content_wrap\"><header class=\"entry-content-header\" aria-label=\"Icon: \"><\/header><div class='iconlist_content '  itemprop=\"text\" ><p>Equipamentos Estacion\u00e1rios<\/p>\n<\/div><\/div><footer class=\"entry-footer\"><\/footer><\/article><div class=\"iconlist-timeline\"><\/div><\/li>\n<li><div class='iconlist_icon av-mn3ab66e-8-afcb526b38f98ea0f8877f01cd190723 avia-font-entypo-fontello'><span class='iconlist-char' aria-hidden='true' data-av_icon='\ue83e' data-av_iconfont='entypo-fontello'><\/span><\/div><article class=\"article-icon-entry \"  itemscope=\"itemscope\" itemtype=\"https:\/\/schema.org\/CreativeWork\" ><div class=\"iconlist_content_wrap\"><header class=\"entry-content-header\" aria-label=\"Icon: \"><\/header><div class='iconlist_content '  itemprop=\"text\" ><p>Responsabilidade Civil Opera\u00e7\u00f5es<\/p>\n<\/div><\/div><footer class=\"entry-footer\"><\/footer><\/article><div class=\"iconlist-timeline\"><\/div><\/li>\n<li><div class='iconlist_icon av-mn3ab66e-7-10d38eb2b6d94a2942c51c455c7e5b47 avia-font-entypo-fontello'><span class='iconlist-char' aria-hidden='true' data-av_icon='\ue83e' data-av_iconfont='entypo-fontello'><\/span><\/div><article class=\"article-icon-entry \"  itemscope=\"itemscope\" itemtype=\"https:\/\/schema.org\/CreativeWork\" ><div class=\"iconlist_content_wrap\"><header class=\"entry-content-header\" aria-label=\"Icon: \"><\/header><div class='iconlist_content '  itemprop=\"text\" ><p>Responsabilidade Civil Empregador<\/p>\n<\/div><\/div><footer class=\"entry-footer\"><\/footer><\/article><div class=\"iconlist-timeline\"><\/div><\/li>\n<li><div class='iconlist_icon av-mn3ab66e-6-b5096fb70815332648a832fbc715e2ec avia-font-entypo-fontello'><span class='iconlist-char' aria-hidden='true' data-av_icon='\ue83e' data-av_iconfont='entypo-fontello'><\/span><\/div><article class=\"article-icon-entry \"  itemscope=\"itemscope\" itemtype=\"https:\/\/schema.org\/CreativeWork\" ><div class=\"iconlist_content_wrap\"><header class=\"entry-content-header\" aria-label=\"Icon: \"><\/header><div class='iconlist_content '  itemprop=\"text\" ><p>Perda ou Pagamento de Aluguel (despesas com instala\u00e7\u00e3o em novo local)<\/p>\n<\/div><\/div><footer class=\"entry-footer\"><\/footer><\/article><div class=\"iconlist-timeline\"><\/div><\/li>\n<li><div class='iconlist_icon av-mn3ab66e-5-9ea295a6f90c53b1c7ae2403895a6e40 avia-font-entypo-fontello'><span class='iconlist-char' aria-hidden='true' data-av_icon='\ue83e' data-av_iconfont='entypo-fontello'><\/span><\/div><article class=\"article-icon-entry \"  itemscope=\"itemscope\" itemtype=\"https:\/\/schema.org\/CreativeWork\" ><div class=\"iconlist_content_wrap\"><header class=\"entry-content-header\" aria-label=\"Icon: \"><\/header><div class='iconlist_content '  itemprop=\"text\" ><p>Despesas Fixas perdur\u00e1veis em fun\u00e7\u00e3o de sinistro da Cobertura B\u00e1sica (dentro ou fora do local segurado)<\/p>\n<\/div><\/div><footer class=\"entry-footer\"><\/footer><\/article><div class=\"iconlist-timeline\"><\/div><\/li>\n<li><div class='iconlist_icon av-mn3ab66e-4-0ae9f31da2daeedebe2feebbc95b5526 avia-font-entypo-fontello'><span class='iconlist-char' aria-hidden='true' data-av_icon='\ue83e' data-av_iconfont='entypo-fontello'><\/span><\/div><article class=\"article-icon-entry \"  itemscope=\"itemscope\" itemtype=\"https:\/\/schema.org\/CreativeWork\" ><div class=\"iconlist_content_wrap\"><header class=\"entry-content-header\" aria-label=\"Icon: \"><\/header><div class='iconlist_content '  itemprop=\"text\" ><p>Vazamento de chuveiros autom\u00e1ticos (Sprinklers)<\/p>\n<\/div><\/div><footer class=\"entry-footer\"><\/footer><\/article><div class=\"iconlist-timeline\"><\/div><\/li>\n<li><div class='iconlist_icon av-mn3ab66e-3-d503abcc77b45a43e486654e1762be6e avia-font-entypo-fontello'><span class='iconlist-char' aria-hidden='true' data-av_icon='\ue83e' data-av_iconfont='entypo-fontello'><\/span><\/div><article class=\"article-icon-entry \"  itemscope=\"itemscope\" itemtype=\"https:\/\/schema.org\/CreativeWork\" ><div class=\"iconlist_content_wrap\"><header class=\"entry-content-header\" aria-label=\"Icon: \"><\/header><div class='iconlist_content '  itemprop=\"text\" ><p>Recomposi\u00e7\u00e3o de Registros e Documentos<\/p>\n<\/div><\/div><footer class=\"entry-footer\"><\/footer><\/article><div class=\"iconlist-timeline\"><\/div><\/li>\n<\/ul><\/div><\/div><\/div><\/div><\/main><!-- close content main element --><\/div><\/div><div id='after_section_1'  class='main_color av_default_container_wrap container_wrap sidebar_right'  ><div class='container av-section-cont-open' ><div class='template-page content  av-content-small alpha units'><div class='post-entry post-entry-type-page post-entry-197'><div class='entry-content-wrapper clearfix'>\n","protected":false},"excerpt":{"rendered":"","protected":false},"author":1,"featured_media":0,"parent":0,"menu_order":0,"comment_status":"closed","ping_status":"closed","template":"","meta":{"_joinchat":[],"footnotes":""},"class_list":["post-197","page","type-page","status-publish","hentry"],"_links":{"self":[{"href":"https:\/\/viaabsolutta.com.br\/index.php\/wp-json\/wp\/v2\/pages\/197","targetHints":{"allow":["GET"]}}],"collection":[{"href":"https:\/\/viaabsolutta.com.br\/index.php\/wp-json\/wp\/v2\/pages"}],"about":[{"href":"https:\/\/viaabsolutta.com.br\/index.php\/wp-json\/wp\/v2\/types\/page"}],"author":[{"embeddable":true,"href":"https:\/\/viaabsolutta.com.br\/index.php\/wp-json\/wp\/v2\/users\/1"}],"replies":[{"embeddable":true,"href":"https:\/\/viaabsolutta.com.br\/index.php\/wp-json\/wp\/v2\/comments?post=197"}],"version-history":[{"count":2,"href":"https:\/\/viaabsolutta.com.br\/index.php\/wp-json\/wp\/v2\/pages\/197\/revisions"}],"predecessor-version":[{"id":199,"href":"https:\/\/viaabsolutta.com.br\/index.php\/wp-json\/wp\/v2\/pages\/197\/revisions\/199"}],"wp:attachment":[{"href":"https:\/\/viaabsolutta.com.br\/index.php\/wp-json\/wp\/v2\/media?parent=197"}],"curies":[{"name":"wp","href":"https:\/\/api.w.org\/{rel}","templated":true}]}}